{"id":78,"date":"2015-02-13T20:53:31","date_gmt":"2015-02-13T20:53:31","guid":{"rendered":"http:\/\/physiotherapie-schwalb.de\/?page_id=78"},"modified":"2020-02-19T12:01:08","modified_gmt":"2020-02-19T12:01:08","slug":"so-erreichen-sie-uns","status":"publish","type":"page","link":"https:\/\/physiotherapie-schwalb.de\/?page_id=78","title":{"rendered":"So erreichen Sie uns"},"content":{"rendered":"<h2 class=\"PostHeaderIcon-wrapper\">So erreichen Sie mich<\/h2>\n<div class=\"PostContent\">\n<map id=\"FPMap0\" name=\"FPMap0\"> <\/map>\n<p>Meine <strong>Privatpraxis f\u00fcr Physiotherapie&nbsp;<\/strong> finden Sie in der Mainzer Stra\u00dfe 50 in den R\u00e4umlichkeiten des ITF-Wiesbadens.<\/p>\n<\/div>\n<p>Das<strong> ITF-Wiesbaden<\/strong> finden Sie im Zentrum von Wiesbaden in der <strong>Mainzer Stra\u00dfe 50<\/strong>, direkt hinter der Hessischen Zentrale f\u00fcr Datenverarbeitung und dem Dorint-Hotel, in unmittelbarer N\u00e4he zum Wiesbadener Hauptbahnhof, dem Rhein-Main-Congress-Center (RMCC) sowie dem Museum.&nbsp;&nbsp;<\/p>\n<p>Im direkten Umfeld befinden sich zahlreiche <strong>Bushaltestellen<\/strong> (\u201eStatistisches Bundesamt\u201c), fu\u00dfl\u00e4ufig der Wiesbadener <strong>Hauptbahnhof<\/strong> und <strong>Parkpl\u00e4tze<\/strong>.<\/p>\n<p>Das Institut liegt in einer Anwohner-Parkzone.<br \/>\nHier ist kostenfreies Parken von Montag-Freitag, jeweils von 9.00-20.00 Parken f\u00fcr 2h, au\u00dferhalb dieser Zeiten frei m\u00f6glich (!bitte Parkscheibe einlegen!)<\/p>\n<p><a href=\"https:\/\/physiotherapie-schwalb.de\/wp-content\/uploads\/2015\/09\/Test-Stra\u00dfenkarte-Mainzer-9.png\"><img loading=\"lazy\" decoding=\"async\" class=\"alignnone size-medium wp-image-151\" src=\"https:\/\/physiotherapie-schwalb.de\/wp-content\/uploads\/2015\/09\/Test-Stra\u00dfenkarte-Mainzer-9-292x300.png\" alt=\"Test Stra\u00dfenkarte Mainzer 9\" width=\"472\" height=\"335\"><\/a><\/p>\n<p><strong>Erika Schwalb<\/strong><br \/>\nMainzer Stra\u00dfe 50<br \/>\n65185 Wiesbaden<br \/>\nTelefon: 0176-50 48 22 12<br \/>\nmail@physiotherapie-schwalb.de<\/p>\n<h2><span style=\"color: #ffffff;\">Physiotherapie Wiesbaden Schwalb<a style=\"color: #ffffff;\" href=\"https:\/\/physiotherapie-schwalb.de\/wp-content\/uploads\/2015\/02\/Physiotherapie-Wiesbaden-Schwalb.gif\"><img loading=\"lazy\" decoding=\"async\" class=\"alignnone size-full wp-image-137\" src=\"https:\/\/physiotherapie-schwalb.de\/wp-content\/uploads\/2015\/02\/Physiotherapie-Wiesbaden-Schwalb.gif\" alt=\"Physiotherapie, Manuelle Therapie, Lymphdrainage, KPE, Komplexe Entstauungstherapie, PNF, CMD, Kiefergelenk, Triggerpunkt-Therapie, Atemtherapie, Massage, Sportmassage, Brunkow, Craniomandibul\u00e4r, Krankengymnastik, Nordic Walking, Wiesbaden, Taunusstein, Mainz, Rheingau-Taunus, Rhein-Main, Frankfurt, Schwalb, Praxis f\u00fcr Allgemeinmedizin, Rheinstra\u00dfe\" width=\"28\" height=\"28\"><\/a><\/span><\/h2>\n<h6><span style=\"color: #ffffff;\"><a style=\"color: #ffffff;\" title=\"Leistungen\" href=\"https:\/\/physiotherapie-schwalb.de\/?page_id=60\"> Physiotherapie<\/a>, <a style=\"color: #ffffff;\" title=\"Leistungen\" href=\"https:\/\/physiotherapie-schwalb.de\/?page_id=60\">Manuelle Therapie<\/a>, <a style=\"color: #ffffff;\" title=\"Leistungen\" href=\"https:\/\/physiotherapie-schwalb.de\/?page_id=60\">Lymphdrainage<\/a>, <a style=\"color: #ffffff;\" title=\"Leistungen\" href=\"https:\/\/physiotherapie-schwalb.de\/?page_id=60\">KPE<\/a>, <a style=\"color: #ffffff;\" title=\"Leistungen\" href=\"https:\/\/physiotherapie-schwalb.de\/?page_id=60\">Komplexe Entstauungstherapie<\/a>, <a style=\"color: #ffffff;\" title=\"Leistungen\" href=\"https:\/\/physiotherapie-schwalb.de\/?page_id=60\">PNF<\/a>, <a style=\"color: #ffffff;\" title=\"Leistungen\" href=\"https:\/\/physiotherapie-schwalb.de\/?page_id=60\">CMD<\/a>, <a style=\"color: #ffffff;\" title=\"Leistungen\" href=\"https:\/\/physiotherapie-schwalb.de\/?page_id=60\">Kiefergelenk<\/a>, <a style=\"color: #ffffff;\" title=\"Leistungen\" href=\"https:\/\/physiotherapie-schwalb.de\/?page_id=60\">Triggerpunkt-Therapie<\/a>, <a style=\"color: #ffffff;\" title=\"Leistungen\" href=\"https:\/\/physiotherapie-schwalb.de\/?page_id=60\">Atemtherapie<\/a>, <a style=\"color: #ffffff;\" title=\"Leistungen\" href=\"https:\/\/physiotherapie-schwalb.de\/?page_id=60\">Massage<\/a>, <a style=\"color: #ffffff;\" title=\"Leistungen\" href=\"https:\/\/physiotherapie-schwalb.de\/?page_id=60\">Sportmassage<\/a>, <a style=\"color: #ffffff;\" title=\"Leistungen\" href=\"https:\/\/physiotherapie-schwalb.de\/?page_id=60\">Brunkow<\/a>, <a style=\"color: #ffffff;\" title=\"Leistungen\" href=\"https:\/\/physiotherapie-schwalb.de\/?page_id=60\">Craniomandibul\u00e4r<\/a>, <a style=\"color: #ffffff;\" title=\"Leistungen\" href=\"https:\/\/physiotherapie-schwalb.de\/?page_id=60\">Krankengymnastik<\/a>, <a style=\"color: #ffffff;\" title=\"Leistungen\" href=\"https:\/\/physiotherapie-schwalb.de\/?page_id=60\">Nordic Walking<\/a>, <a style=\"color: #ffffff;\" title=\"Leistungen\" href=\"https:\/\/physiotherapie-schwalb.de\/?page_id=60\">Wiesbaden<\/a>, <a style=\"color: #ffffff;\" title=\"Leistungen\" href=\"https:\/\/physiotherapie-schwalb.de\/?page_id=60\">Taunusstein<\/a>, <a style=\"color: #ffffff;\" title=\"Leistungen\" href=\"https:\/\/physiotherapie-schwalb.de\/?page_id=60\">Mainz<\/a>, <a style=\"color: #ffffff;\" title=\"Leistungen\" href=\"https:\/\/physiotherapie-schwalb.de\/?page_id=60\">Rheingau-Taunus<\/a>, <a style=\"color: #ffffff;\" title=\"Leistungen\" href=\"https:\/\/physiotherapie-schwalb.de\/?page_id=60\">Rhein-Main<\/a>, <a style=\"color: #ffffff;\" title=\"Leistungen\" href=\"https:\/\/physiotherapie-schwalb.de\/?page_id=60\">Frankfurt<\/a>, <a style=\"color: #ffffff;\" title=\"Leistungen\" href=\"https:\/\/physiotherapie-schwalb.de\/?page_id=60\">Schwalb<\/a>, <a style=\"color: #ffffff;\" href=\"http:\/\/dr-schwalb.de\" target=\"_blank\" rel=\"noopener noreferrer\">Praxis f\u00fcr Allgemeinmedizin<\/a>, <a style=\"color: #ffffff;\" href=\"http:\/\/dr-schwalb.de\" target=\"_blank\" rel=\"noopener noreferrer\">Rheinstra\u00dfe<\/a>. <a style=\"color: #ffffff;\" title=\"Leistungen\" href=\"https:\/\/physiotherapie-schwalb.de\/?page_id=60\">Physiotherapie<\/a>, <a style=\"color: #ffffff;\" title=\"Leistungen\" href=\"https:\/\/physiotherapie-schwalb.de\/?page_id=60\">Manuelle Therapie<\/a>, <a style=\"color: #ffffff;\" title=\"Leistungen\" href=\"https:\/\/physiotherapie-schwalb.de\/?page_id=60\">Lymphdrainage<\/a>, <a style=\"color: #ffffff;\" title=\"Leistungen\" href=\"https:\/\/physiotherapie-schwalb.de\/?page_id=60\">KPE<\/a>, <a style=\"color: #ffffff;\" title=\"Leistungen\" href=\"https:\/\/physiotherapie-schwalb.de\/?page_id=60\">Komplexe Entstauungstherapie<\/a>, <a style=\"color: #ffffff;\" title=\"Leistungen\" href=\"https:\/\/physiotherapie-schwalb.de\/?page_id=60\">PNF<\/a>, <a style=\"color: #ffffff;\" title=\"Leistungen\" href=\"https:\/\/physiotherapie-schwalb.de\/?page_id=60\">CMD<\/a>, <a style=\"color: #ffffff;\" title=\"Leistungen\" href=\"https:\/\/physiotherapie-schwalb.de\/?page_id=60\">Kiefergelenk<\/a>, <a style=\"color: #ffffff;\" title=\"Leistungen\" href=\"https:\/\/physiotherapie-schwalb.de\/?page_id=60\">Triggerpunkt-Therapie<\/a>, <a style=\"color: #ffffff;\" title=\"Leistungen\" href=\"https:\/\/physiotherapie-schwalb.de\/?page_id=60\">Atemtherapie<\/a>, <a style=\"color: #ffffff;\" title=\"Leistungen\" href=\"https:\/\/physiotherapie-schwalb.de\/?page_id=60\">Massage<\/a>, <a style=\"color: #ffffff;\" title=\"Leistungen\" href=\"https:\/\/physiotherapie-schwalb.de\/?page_id=60\">Sportmassage<\/a>, <a style=\"color: #ffffff;\" title=\"Leistungen\" href=\"https:\/\/physiotherapie-schwalb.de\/?page_id=60\">Brunkow<\/a>, <a style=\"color: #ffffff;\" title=\"Leistungen\" href=\"https:\/\/physiotherapie-schwalb.de\/?page_id=60\">Craniomandibul\u00e4r<\/a>, <a style=\"color: #ffffff;\" title=\"Leistungen\" href=\"https:\/\/physiotherapie-schwalb.de\/?page_id=60\">Krankengymnastik<\/a>, <a style=\"color: #ffffff;\" title=\"Leistungen\" href=\"https:\/\/physiotherapie-schwalb.de\/?page_id=60\">Nordic Walking<\/a>, <a style=\"color: #ffffff;\" title=\"Leistungen\" href=\"https:\/\/physiotherapie-schwalb.de\/?page_id=60\">Wiesbaden<\/a>, <a style=\"color: #ffffff;\" title=\"Leistungen\" href=\"https:\/\/physiotherapie-schwalb.de\/?page_id=60\">Taunusstein<\/a>, <a style=\"color: #ffffff;\" title=\"Leistungen\" href=\"https:\/\/physiotherapie-schwalb.de\/?page_id=60\">Mainz<\/a>, <a style=\"color: #ffffff;\" title=\"Leistungen\" href=\"https:\/\/physiotherapie-schwalb.de\/?page_id=60\">Rheingau-Taunus<\/a>, <a style=\"color: #ffffff;\" title=\"Leistungen\" href=\"https:\/\/physiotherapie-schwalb.de\/?page_id=60\">Rhein-Main<\/a>, <a style=\"color: #ffffff;\" title=\"Leistungen\" href=\"https:\/\/physiotherapie-schwalb.de\/?page_id=60\">Frankfurt<\/a>, <a style=\"color: #ffffff;\" title=\"Leistungen\" href=\"https:\/\/physiotherapie-schwalb.de\/?page_id=60\">Schwalb<\/a>, <a style=\"color: #ffffff;\" href=\"http:\/\/dr-schwalb.de\" target=\"_blank\" rel=\"noopener noreferrer\">Praxis f\u00fcr Allgemeinmedizin<\/a>, <a style=\"color: #ffffff;\" href=\"http:\/\/dr-schwalb.de\" target=\"_blank\" rel=\"noopener noreferrer\">Rheinstra\u00dfe<\/a>.<\/span><\/h6>\n","protected":false},"excerpt":{"rendered":"<p>So erreichen Sie mich Meine Privatpraxis f\u00fcr Physiotherapie&nbsp; finden Sie in der Mainzer Stra\u00dfe 50 in den R\u00e4umlichkeiten des ITF-Wiesbadens. Das ITF-Wiesbaden finden Sie im Zentrum von Wiesbaden in der Mainzer Stra\u00dfe 50, direkt hinter der Hessischen Zentrale f\u00fcr Datenverarbeitung und dem Dorint-Hotel, in unmittelbarer N\u00e4he zum Wiesbadener Hauptbahnhof, dem Rhein-Main-Congress-Center (RMCC) sowie dem Museum.&nbsp;&nbsp; &hellip; <a href=\"https:\/\/physiotherapie-schwalb.de\/?page_id=78\" class=\"more-link\"><span class=\"screen-reader-text\">So erreichen Sie uns<\/span> weiterlesen <span class=\"meta-nav\">&rarr;<\/span><\/a><\/p>\n","protected":false},"author":1,"featured_media":0,"parent":0,"menu_order":0,"comment_status":"closed","ping_status":"closed","template":"","meta":{"ngg_post_thumbnail":0,"footnotes":""},"yoast_head":"<!-- This site is optimized with the Yoast SEO plugin v19.0 - https:\/\/yoast.com\/wordpress\/plugins\/seo\/ -->\n<title>So erreichen Sie uns - Physiotherapie Erika Schwalb<\/title>\n<meta name=\"description\" content=\"Physiotherapie, Manuelle Therapie, Lymphdrainage, KPE, Komplexe Entstauungstherapie, PNF, CMD, Kiefergelenk, Triggerpunkt-Therapie, Atemtherapie, Massage, Sportmassage, Brunkow, Craniomandibul\u00e4r, Krankengymnastik, Nordic Walking, Wiesbaden, Taunusstein, Mainz, Rheingau-Taunus, Rhein-Main, Frankfurt, Schwalb, Praxis f\u00fcr Allgemeinmedizin, Rheinstra\u00dfe.\" \/>\n<meta name=\"robots\" content=\"index, follow, max-snippet:-1, max-image-preview:large, max-video-preview:-1\" \/>\n<link rel=\"canonical\" href=\"https:\/\/physiotherapie-schwalb.de\/?page_id=78\" \/>\n<meta property=\"og:locale\" content=\"de_DE\" \/>\n<meta property=\"og:type\" content=\"article\" \/>\n<meta property=\"og:title\" content=\"So erreichen Sie uns - Physiotherapie Erika Schwalb\" \/>\n<meta property=\"og:description\" content=\"Physiotherapie, Manuelle Therapie, Lymphdrainage, KPE, Komplexe Entstauungstherapie, PNF, CMD, Kiefergelenk, Triggerpunkt-Therapie, Atemtherapie, Massage, Sportmassage, Brunkow, Craniomandibul\u00e4r, Krankengymnastik, Nordic Walking, Wiesbaden, Taunusstein, Mainz, Rheingau-Taunus, Rhein-Main, Frankfurt, Schwalb, Praxis f\u00fcr Allgemeinmedizin, Rheinstra\u00dfe.\" \/>\n<meta property=\"og:url\" content=\"https:\/\/physiotherapie-schwalb.de\/?page_id=78\" \/>\n<meta property=\"og:site_name\" content=\"Physiotherapie Erika Schwalb\" \/>\n<meta property=\"article:modified_time\" content=\"2020-02-19T12:01:08+00:00\" \/>\n<meta property=\"og:image\" content=\"https:\/\/physiotherapie-schwalb.de\/wp-content\/uploads\/2015\/02\/Physiotherapie-Wiesbaden-Schwalb.gif\" \/>\n<meta name=\"twitter:label1\" content=\"Gesch\u00e4tzte Lesezeit\" \/>\n\t<meta name=\"twitter:data1\" content=\"1 Minute\" \/>\n<script type=\"application\/ld+json\" class=\"yoast-schema-graph\">{\"@context\":\"https:\/\/schema.org\",\"@graph\":[{\"@type\":\"WebSite\",\"@id\":\"https:\/\/physiotherapie-schwalb.de\/#website\",\"url\":\"https:\/\/physiotherapie-schwalb.de\/\",\"name\":\"Physiotherapie Erika Schwalb\",\"description\":\"\",\"potentialAction\":[{\"@type\":\"SearchAction\",\"target\":{\"@type\":\"EntryPoint\",\"urlTemplate\":\"https:\/\/physiotherapie-schwalb.de\/?s={search_term_string}\"},\"query-input\":\"required name=search_term_string\"}],\"inLanguage\":\"de-DE\"},{\"@type\":\"ImageObject\",\"inLanguage\":\"de-DE\",\"@id\":\"https:\/\/physiotherapie-schwalb.de\/?page_id=78#primaryimage\",\"url\":\"https:\/\/physiotherapie-schwalb.de\/wp-content\/uploads\/2015\/02\/Physiotherapie-Wiesbaden-Schwalb.gif\",\"contentUrl\":\"https:\/\/physiotherapie-schwalb.de\/wp-content\/uploads\/2015\/02\/Physiotherapie-Wiesbaden-Schwalb.gif\",\"width\":28,\"height\":28,\"caption\":\"Physiotherapie, Manuelle Therapie, Lymphdrainage, KPE, Komplexe Entstauungstherapie, PNF, CMD, Kiefergelenk, Triggerpunkt-Therapie, Atemtherapie, Massage, Sportmassage, Brunkow, Craniomandibul\u00e4r, Krankengymnastik, Nordic Walking, Wiesbaden, Taunusstein, Mainz, Rheingau-Taunus, Rhein-Main, Frankfurt, Schwalb, Praxis f\u00fcr Allgemeinmedizin, Rheinstra\u00dfe\"},{\"@type\":\"WebPage\",\"@id\":\"https:\/\/physiotherapie-schwalb.de\/?page_id=78#webpage\",\"url\":\"https:\/\/physiotherapie-schwalb.de\/?page_id=78\",\"name\":\"So erreichen Sie uns - Physiotherapie Erika Schwalb\",\"isPartOf\":{\"@id\":\"https:\/\/physiotherapie-schwalb.de\/#website\"},\"primaryImageOfPage\":{\"@id\":\"https:\/\/physiotherapie-schwalb.de\/?page_id=78#primaryimage\"},\"datePublished\":\"2015-02-13T20:53:31+00:00\",\"dateModified\":\"2020-02-19T12:01:08+00:00\",\"description\":\"Physiotherapie, Manuelle Therapie, Lymphdrainage, KPE, Komplexe Entstauungstherapie, PNF, CMD, Kiefergelenk, Triggerpunkt-Therapie, Atemtherapie, Massage, Sportmassage, Brunkow, Craniomandibul\u00e4r, Krankengymnastik, Nordic Walking, Wiesbaden, Taunusstein, Mainz, Rheingau-Taunus, Rhein-Main, Frankfurt, Schwalb, Praxis f\u00fcr Allgemeinmedizin, Rheinstra\u00dfe.\",\"breadcrumb\":{\"@id\":\"https:\/\/physiotherapie-schwalb.de\/?page_id=78#breadcrumb\"},\"inLanguage\":\"de-DE\",\"potentialAction\":[{\"@type\":\"ReadAction\",\"target\":[\"https:\/\/physiotherapie-schwalb.de\/?page_id=78\"]}]},{\"@type\":\"BreadcrumbList\",\"@id\":\"https:\/\/physiotherapie-schwalb.de\/?page_id=78#breadcrumb\",\"itemListElement\":[{\"@type\":\"ListItem\",\"position\":1,\"name\":\"Home\",\"item\":\"https:\/\/physiotherapie-schwalb.de\/\"},{\"@type\":\"ListItem\",\"position\":2,\"name\":\"So erreichen Sie uns\"}]}]}<\/script>\n<!-- \/ Yoast SEO plugin. -->","yoast_head_json":{"title":"So erreichen Sie uns - Physiotherapie Erika Schwalb","description":"Physiotherapie, Manuelle Therapie, Lymphdrainage, KPE, Komplexe Entstauungstherapie, PNF, CMD, Kiefergelenk, Triggerpunkt-Therapie, Atemtherapie, Massage, Sportmassage, Brunkow, Craniomandibul\u00e4r, Krankengymnastik, Nordic Walking, Wiesbaden, Taunusstein, Mainz, Rheingau-Taunus, Rhein-Main, Frankfurt, Schwalb, Praxis f\u00fcr Allgemeinmedizin, Rheinstra\u00dfe.","robots":{"index":"index","follow":"follow","max-snippet":"max-snippet:-1","max-image-preview":"max-image-preview:large","max-video-preview":"max-video-preview:-1"},"canonical":"https:\/\/physiotherapie-schwalb.de\/?page_id=78","og_locale":"de_DE","og_type":"article","og_title":"So erreichen Sie uns - Physiotherapie Erika Schwalb","og_description":"Physiotherapie, Manuelle Therapie, Lymphdrainage, KPE, Komplexe Entstauungstherapie, PNF, CMD, Kiefergelenk, Triggerpunkt-Therapie, Atemtherapie, Massage, Sportmassage, Brunkow, Craniomandibul\u00e4r, Krankengymnastik, Nordic Walking, Wiesbaden, Taunusstein, Mainz, Rheingau-Taunus, Rhein-Main, Frankfurt, Schwalb, Praxis f\u00fcr Allgemeinmedizin, Rheinstra\u00dfe.","og_url":"https:\/\/physiotherapie-schwalb.de\/?page_id=78","og_site_name":"Physiotherapie Erika Schwalb","article_modified_time":"2020-02-19T12:01:08+00:00","og_image":[{"url":"https:\/\/physiotherapie-schwalb.de\/wp-content\/uploads\/2015\/02\/Physiotherapie-Wiesbaden-Schwalb.gif"}],"twitter_misc":{"Gesch\u00e4tzte Lesezeit":"1 Minute"},"schema":{"@context":"https:\/\/schema.org","@graph":[{"@type":"WebSite","@id":"https:\/\/physiotherapie-schwalb.de\/#website","url":"https:\/\/physiotherapie-schwalb.de\/","name":"Physiotherapie Erika Schwalb","description":"","potentialAction":[{"@type":"SearchAction","target":{"@type":"EntryPoint","urlTemplate":"https:\/\/physiotherapie-schwalb.de\/?s={search_term_string}"},"query-input":"required name=search_term_string"}],"inLanguage":"de-DE"},{"@type":"ImageObject","inLanguage":"de-DE","@id":"https:\/\/physiotherapie-schwalb.de\/?page_id=78#primaryimage","url":"https:\/\/physiotherapie-schwalb.de\/wp-content\/uploads\/2015\/02\/Physiotherapie-Wiesbaden-Schwalb.gif","contentUrl":"https:\/\/physiotherapie-schwalb.de\/wp-content\/uploads\/2015\/02\/Physiotherapie-Wiesbaden-Schwalb.gif","width":28,"height":28,"caption":"Physiotherapie, Manuelle Therapie, Lymphdrainage, KPE, Komplexe Entstauungstherapie, PNF, CMD, Kiefergelenk, Triggerpunkt-Therapie, Atemtherapie, Massage, Sportmassage, Brunkow, Craniomandibul\u00e4r, Krankengymnastik, Nordic Walking, Wiesbaden, Taunusstein, Mainz, Rheingau-Taunus, Rhein-Main, Frankfurt, Schwalb, Praxis f\u00fcr Allgemeinmedizin, Rheinstra\u00dfe"},{"@type":"WebPage","@id":"https:\/\/physiotherapie-schwalb.de\/?page_id=78#webpage","url":"https:\/\/physiotherapie-schwalb.de\/?page_id=78","name":"So erreichen Sie uns - Physiotherapie Erika Schwalb","isPartOf":{"@id":"https:\/\/physiotherapie-schwalb.de\/#website"},"primaryImageOfPage":{"@id":"https:\/\/physiotherapie-schwalb.de\/?page_id=78#primaryimage"},"datePublished":"2015-02-13T20:53:31+00:00","dateModified":"2020-02-19T12:01:08+00:00","description":"Physiotherapie, Manuelle Therapie, Lymphdrainage, KPE, Komplexe Entstauungstherapie, PNF, CMD, Kiefergelenk, Triggerpunkt-Therapie, Atemtherapie, Massage, Sportmassage, Brunkow, Craniomandibul\u00e4r, Krankengymnastik, Nordic Walking, Wiesbaden, Taunusstein, Mainz, Rheingau-Taunus, Rhein-Main, Frankfurt, Schwalb, Praxis f\u00fcr Allgemeinmedizin, Rheinstra\u00dfe.","breadcrumb":{"@id":"https:\/\/physiotherapie-schwalb.de\/?page_id=78#breadcrumb"},"inLanguage":"de-DE","potentialAction":[{"@type":"ReadAction","target":["https:\/\/physiotherapie-schwalb.de\/?page_id=78"]}]},{"@type":"BreadcrumbList","@id":"https:\/\/physiotherapie-schwalb.de\/?page_id=78#breadcrumb","itemListElement":[{"@type":"ListItem","position":1,"name":"Home","item":"https:\/\/physiotherapie-schwalb.de\/"},{"@type":"ListItem","position":2,"name":"So erreichen Sie uns"}]}]}},"_links":{"self":[{"href":"https:\/\/physiotherapie-schwalb.de\/index.php?rest_route=\/wp\/v2\/pages\/78"}],"collection":[{"href":"https:\/\/physiotherapie-schwalb.de\/index.php?rest_route=\/wp\/v2\/pages"}],"about":[{"href":"https:\/\/physiotherapie-schwalb.de\/index.php?rest_route=\/wp\/v2\/types\/page"}],"author":[{"embeddable":true,"href":"https:\/\/physiotherapie-schwalb.de\/index.php?rest_route=\/wp\/v2\/users\/1"}],"replies":[{"embeddable":true,"href":"https:\/\/physiotherapie-schwalb.de\/index.php?rest_route=%2Fwp%2Fv2%2Fcomments&post=78"}],"version-history":[{"count":12,"href":"https:\/\/physiotherapie-schwalb.de\/index.php?rest_route=\/wp\/v2\/pages\/78\/revisions"}],"predecessor-version":[{"id":190,"href":"https:\/\/physiotherapie-schwalb.de\/index.php?rest_route=\/wp\/v2\/pages\/78\/revisions\/190"}],"wp:attachment":[{"href":"https:\/\/physiotherapie-schwalb.de\/index.php?rest_route=%2Fwp%2Fv2%2Fmedia&parent=78"}],"curies":[{"name":"wp","href":"https:\/\/api.w.org\/{rel}","templated":true}]}}