{"id":67,"date":"2015-02-13T17:12:16","date_gmt":"2015-02-13T17:12:16","guid":{"rendered":"http:\/\/physiotherapie-schwalb.de\/?page_id=67"},"modified":"2021-04-06T06:18:09","modified_gmt":"2021-04-06T06:18:09","slug":"impressum","status":"publish","type":"page","link":"https:\/\/physiotherapie-schwalb.de\/?page_id=67","title":{"rendered":"Impressum"},"content":{"rendered":"<p><strong>Privatpraxis f\u00fcr Physiotherapie Erika Schwalb<br \/>\n<\/strong><\/p>\n<p>Mainzer Str. 50<br \/>\n65185 Wiesbaden<br \/>\nTel: 0176-50 48 22 12<br \/>\nemail: mail@physiotherapie-schwalb.de<\/p>\n<p class=\"paragraph_style_4\">Praxisinhaberin: Erika Schwalb<br \/>\n<span class=\"style_5\">Gesetzliche Berufsbezeichnung: <\/span><span class=\"style_6\">Physiotherapeutin<br \/>\nVerleihung im Bundesland: Hessen<br \/>\nMitglied im Berufsverband: ZVK<br \/>\n<\/span><span class=\"style_5\">Steuernummer:<\/span><span class=\"style_6\"> 31\/036\/60196<br \/>\n<\/span><\/p>\n<p><strong>Berufsrechtliche Regelungen:<br \/>\n<\/strong><span class=\"style_5\">Berufsordnung: <\/span><a class=\"class4\" title=\"http:\/\/www.gesetze-im-internet.de\/mphg\/BJNR108400994.html\" href=\"http:\/\/www.gesetze-im-internet.de\/mphg\/BJNR108400994.html\"><span class=\"style_7\">Gesetz \u00fcber die Berufe in der Physiotherapie (Masseur- und Physiotherapeutengesetz &#8211; MPhG)<\/span><\/a><span class=\"style_6\"><br \/>\n<\/span><\/p>\n<p><strong>Inhaltlich Verantwortlicher:<br \/>\n<\/strong>gem\u00e4\u00df \u00a7 5 TMG (Telemediengesetz), gem\u00e4\u00df \u00a76 sowie \u00a7 10 Absatz 3 MDStV,&nbsp;\u00a7 55 Abs. 2 RStV, Verantwortlich im Sinne des Presserechts (V.&nbsp;i.&nbsp;S.&nbsp;d.&nbsp;P.): Erika Schwalb<\/p>\n<p align=\"left\">Alle Inhalte dieser Homepage sind urheberrechtlich gesch\u00fctzt. Die Verwendung jeglicher Inhalte dieser Homepage bedarf der vorherigen schriftlichen Zustimmung des Rechteinhabers. Die kommerzielle Verwendung der Inhalte dieser Homepage ohne vorherige ausdr\u00fcckliche Erlaubnis wird grunds\u00e4tzlich rechtlich verfolgt.<\/p>\n<p><strong>Werbung und Sponsoring:<br \/>\n<\/strong>Diese Website dient ausschlie\u00dflich der Patienteninformation und nicht der Werbung.<br \/>\nSie soll unsere Patienten \u00fcber die Praxis, unser Leistungsspektrum und aktuelle medizinische Themen informieren und so die Arzt-Patienten-Beziehung unterst\u00fctzen, diese aber nicht ersetzen. Die Website ist unabh\u00e4ngig und werbefrei und wird vom Anbieter eigenfinanziert, es gibt keinen Sponsor.<\/p>\n<p><strong>Angaben zur Informationspflicht bez\u00fcglich des Gesetzes \u00fcber die alternative Streitbeilegung in Verbrauchersachen (VSBG):<br \/>\n<\/strong>Gem\u00e4\u00df \u00a7 36 VSBG wird hiermit festgestellt, dass unsere Praxis im Streitfall nicht zur Teilnahme an au\u00dfergerichtlichen Streitbeilegungsverfahren verpflichtet ist und deshalb nicht an derartigen Schlichtungsverfahren teilnimmt.<\/p>\n<p><strong>Die in diesem Impressum gemachten Angaben gelten auch f\u00fcr alle weitere Pr\u00e4senzen unserer Praxis im Internet.<\/strong><\/p>\n<p><strong>Facebook-Seite gel\u00f6scht<br \/>\n<\/strong>\u00dcber einige Jahre pflegten wir eine Praxis-Pr\u00e4senz bei Facebook in der wir Sie \u00fcber aktuelle Themen informierten.<br \/>\nDa wir mit der Datensammelpraxis von Facebook nicht einverstanden sind, haben unsere Facebookseite gel\u00f6scht.<br \/>\nAktuelle Informationen erhalten Sie weiterhin \u00fcber unsere Homepage.<\/p>\n<p><strong>Keine Abmahnung ohne vorherigen Kontakt!<br \/>\n<\/strong>Sollten Inhalte oder die designtechnische Gestaltung dieser Website oder die Inhalte des E-mail-Verkehrs (Newsletter, Angebote, Gratis-Reports usw.), der \u00fcber die Domain physiotherapie-schwalb.de oder anderen abgewickelt wird, fremde Rechte Dritter oder gesetzliche Bestimmungen verletzen oder anderweitig in irgendeiner Form wettbewerbsrechtliche Probleme hervorbringen, so bitten wir unter Berufung auf \u00a7 8 Abs. 4 UWG, um eine angemessene, ausreichend erl\u00e4uternde und schnelle Nachricht ohne Kostennote.<\/p>\n<p>Wir garantieren, dass die zu Recht beanstandeten Passagen oder Teile dieser Website und E-mails in angemessener Frist entfernt, bzw. den rechtlichen Vorgaben umf\u00e4nglich angepasst werden, ohne dass von Ihrer Seite die Einschaltung eines Rechtsbeistandes erforderlich ist.<\/p>\n<p>Die Einschaltung eines Anwaltes, zur f\u00fcr den Dienstanbieter kostenpflichtigen Abmahnung, entspricht nicht dessen wirklichen oder mutma\u00dflichen Willen und w\u00fcrde damit einen Versto\u00df gegen \u00a7 13 Abs. 5 UWG, wegen der Verfolgung sachfremder Ziele als beherrschendes Motiv der Verfahrenseinleitung, insbesondere einer Kostenerzielungsabsicht als eigentliche Triebfeder, sowie einen Versto\u00df gegen die Schadenminderungspflicht darstellen.<\/p>\n<p><strong>Bitte beachten Sie auch unsere <a href=\"https:\/\/physiotherapie-schwalb.de\/?page_id=166\">Nutzungsbedingungen<\/a><\/strong>.<\/p>\n<h2><span style=\"color: #ffffff;\">Physiotherapie Wiesbaden Schwalb<a style=\"color: #ffffff;\" href=\"https:\/\/physiotherapie-schwalb.de\/wp-content\/uploads\/2015\/02\/Physiotherapie-Wiesbaden-Schwalb.gif\"><img loading=\"lazy\" decoding=\"async\" class=\"alignnone size-full wp-image-137\" src=\"https:\/\/physiotherapie-schwalb.de\/wp-content\/uploads\/2015\/02\/Physiotherapie-Wiesbaden-Schwalb.gif\" alt=\"Physiotherapie, Manuelle Therapie, Lymphdrainage, KPE, Komplexe Entstauungstherapie, PNF, CMD, Kiefergelenk, Triggerpunkt-Therapie, Atemtherapie, Massage, Sportmassage, Brunkow, Craniomandibul\u00e4r, Krankengymnastik, Nordic Walking, Wiesbaden, Taunusstein, Mainz, Rheingau-Taunus, Rhein-Main, Frankfurt, Schwalb, Praxis f\u00fcr Allgemeinmedizin, Rheinstra\u00dfe\" width=\"28\" height=\"28\"><\/a><\/span><\/h2>\n<h6><span style=\"color: #ffffff;\"><a style=\"color: #ffffff;\" title=\"Leistungen\" href=\"https:\/\/physiotherapie-schwalb.de\/?page_id=60\"> Physiotherapie<\/a>, <a style=\"color: #ffffff;\" title=\"Leistungen\" href=\"https:\/\/physiotherapie-schwalb.de\/?page_id=60\">Manuelle Therapie<\/a>, <a style=\"color: #ffffff;\" title=\"Leistungen\" href=\"https:\/\/physiotherapie-schwalb.de\/?page_id=60\">Lymphdrainage<\/a>, <a style=\"color: #ffffff;\" title=\"Leistungen\" href=\"https:\/\/physiotherapie-schwalb.de\/?page_id=60\">KPE<\/a>, <a style=\"color: #ffffff;\" title=\"Leistungen\" href=\"https:\/\/physiotherapie-schwalb.de\/?page_id=60\">Komplexe Entstauungstherapie<\/a>, <a style=\"color: #ffffff;\" title=\"Leistungen\" href=\"https:\/\/physiotherapie-schwalb.de\/?page_id=60\">PNF<\/a>, <a style=\"color: #ffffff;\" title=\"Leistungen\" href=\"https:\/\/physiotherapie-schwalb.de\/?page_id=60\">CMD<\/a>, <a style=\"color: #ffffff;\" title=\"Leistungen\" href=\"https:\/\/physiotherapie-schwalb.de\/?page_id=60\">Kiefergelenk<\/a>, <a style=\"color: #ffffff;\" title=\"Leistungen\" href=\"https:\/\/physiotherapie-schwalb.de\/?page_id=60\">Triggerpunkt-Therapie<\/a>, <a style=\"color: #ffffff;\" title=\"Leistungen\" href=\"https:\/\/physiotherapie-schwalb.de\/?page_id=60\">Atemtherapie<\/a>, <a style=\"color: #ffffff;\" title=\"Leistungen\" href=\"https:\/\/physiotherapie-schwalb.de\/?page_id=60\">Massage<\/a>, <a style=\"color: #ffffff;\" title=\"Leistungen\" href=\"https:\/\/physiotherapie-schwalb.de\/?page_id=60\">Sportmassage<\/a>, <a style=\"color: #ffffff;\" title=\"Leistungen\" href=\"https:\/\/physiotherapie-schwalb.de\/?page_id=60\">Brunkow<\/a>, <a style=\"color: #ffffff;\" title=\"Leistungen\" href=\"https:\/\/physiotherapie-schwalb.de\/?page_id=60\">Craniomandibul\u00e4r<\/a>, <a style=\"color: #ffffff;\" title=\"Leistungen\" href=\"https:\/\/physiotherapie-schwalb.de\/?page_id=60\">Krankengymnastik<\/a>, <a style=\"color: #ffffff;\" title=\"Leistungen\" href=\"https:\/\/physiotherapie-schwalb.de\/?page_id=60\">Nordic Walking<\/a>, <a style=\"color: #ffffff;\" title=\"Leistungen\" href=\"https:\/\/physiotherapie-schwalb.de\/?page_id=60\">Wiesbaden<\/a>, <a style=\"color: #ffffff;\" title=\"Leistungen\" href=\"https:\/\/physiotherapie-schwalb.de\/?page_id=60\">Taunusstein<\/a>, <a style=\"color: #ffffff;\" title=\"Leistungen\" href=\"https:\/\/physiotherapie-schwalb.de\/?page_id=60\">Mainz<\/a>, <a style=\"color: #ffffff;\" title=\"Leistungen\" href=\"https:\/\/physiotherapie-schwalb.de\/?page_id=60\">Rheingau-Taunus<\/a>, <a style=\"color: #ffffff;\" title=\"Leistungen\" href=\"https:\/\/physiotherapie-schwalb.de\/?page_id=60\">Rhein-Main<\/a>, <a style=\"color: #ffffff;\" title=\"Leistungen\" href=\"https:\/\/physiotherapie-schwalb.de\/?page_id=60\">Frankfurt<\/a>, <a style=\"color: #ffffff;\" title=\"Leistungen\" href=\"https:\/\/physiotherapie-schwalb.de\/?page_id=60\">Schwalb<\/a>, <a style=\"color: #ffffff;\" href=\"http:\/\/dr-schwalb.de\" target=\"_blank\" rel=\"noopener\">Praxis f\u00fcr Allgemeinmedizin<\/a>, <a style=\"color: #ffffff;\" href=\"http:\/\/dr-schwalb.de\" target=\"_blank\" rel=\"noopener\">Rheinstra\u00dfe<\/a>. <a style=\"color: #ffffff;\" title=\"Leistungen\" href=\"https:\/\/physiotherapie-schwalb.de\/?page_id=60\">Physiotherapie<\/a>, <a style=\"color: #ffffff;\" title=\"Leistungen\" href=\"https:\/\/physiotherapie-schwalb.de\/?page_id=60\">Manuelle Therapie<\/a>, <a style=\"color: #ffffff;\" title=\"Leistungen\" href=\"https:\/\/physiotherapie-schwalb.de\/?page_id=60\">Lymphdrainage<\/a>, <a style=\"color: #ffffff;\" title=\"Leistungen\" href=\"https:\/\/physiotherapie-schwalb.de\/?page_id=60\">KPE<\/a>, <a style=\"color: #ffffff;\" title=\"Leistungen\" href=\"https:\/\/physiotherapie-schwalb.de\/?page_id=60\">Komplexe Entstauungstherapie<\/a>, <a style=\"color: #ffffff;\" title=\"Leistungen\" href=\"https:\/\/physiotherapie-schwalb.de\/?page_id=60\">PNF<\/a>, <a style=\"color: #ffffff;\" title=\"Leistungen\" href=\"https:\/\/physiotherapie-schwalb.de\/?page_id=60\">CMD<\/a>, <a style=\"color: #ffffff;\" title=\"Leistungen\" href=\"https:\/\/physiotherapie-schwalb.de\/?page_id=60\">Kiefergelenk<\/a>, <a style=\"color: #ffffff;\" title=\"Leistungen\" href=\"https:\/\/physiotherapie-schwalb.de\/?page_id=60\">Triggerpunkt-Therapie<\/a>, <a style=\"color: #ffffff;\" title=\"Leistungen\" href=\"https:\/\/physiotherapie-schwalb.de\/?page_id=60\">Atemtherapie<\/a>, <a style=\"color: #ffffff;\" title=\"Leistungen\" href=\"https:\/\/physiotherapie-schwalb.de\/?page_id=60\">Massage<\/a>, <a style=\"color: #ffffff;\" title=\"Leistungen\" href=\"https:\/\/physiotherapie-schwalb.de\/?page_id=60\">Sportmassage<\/a>, <a style=\"color: #ffffff;\" title=\"Leistungen\" href=\"https:\/\/physiotherapie-schwalb.de\/?page_id=60\">Brunkow<\/a>, <a style=\"color: #ffffff;\" title=\"Leistungen\" href=\"https:\/\/physiotherapie-schwalb.de\/?page_id=60\">Craniomandibul\u00e4r<\/a>, <a style=\"color: #ffffff;\" title=\"Leistungen\" href=\"https:\/\/physiotherapie-schwalb.de\/?page_id=60\">Krankengymnastik<\/a>, <a style=\"color: #ffffff;\" title=\"Leistungen\" href=\"https:\/\/physiotherapie-schwalb.de\/?page_id=60\">Nordic Walking<\/a>, <a style=\"color: #ffffff;\" title=\"Leistungen\" href=\"https:\/\/physiotherapie-schwalb.de\/?page_id=60\">Wiesbaden<\/a>, <a style=\"color: #ffffff;\" title=\"Leistungen\" href=\"https:\/\/physiotherapie-schwalb.de\/?page_id=60\">Taunusstein<\/a>, <a style=\"color: #ffffff;\" title=\"Leistungen\" href=\"https:\/\/physiotherapie-schwalb.de\/?page_id=60\">Mainz<\/a>, <a style=\"color: #ffffff;\" title=\"Leistungen\" href=\"https:\/\/physiotherapie-schwalb.de\/?page_id=60\">Rheingau-Taunus<\/a>, <a style=\"color: #ffffff;\" title=\"Leistungen\" href=\"https:\/\/physiotherapie-schwalb.de\/?page_id=60\">Rhein-Main<\/a>, <a style=\"color: #ffffff;\" title=\"Leistungen\" href=\"https:\/\/physiotherapie-schwalb.de\/?page_id=60\">Frankfurt<\/a>, <a style=\"color: #ffffff;\" title=\"Leistungen\" href=\"https:\/\/physiotherapie-schwalb.de\/?page_id=60\">Schwalb<\/a>, <a style=\"color: #ffffff;\" href=\"http:\/\/dr-schwalb.de\" target=\"_blank\" rel=\"noopener\">Praxis f\u00fcr Allgemeinmedizin<\/a>, <a style=\"color: #ffffff;\" href=\"http:\/\/dr-schwalb.de\" target=\"_blank\" rel=\"noopener\">Rheinstra\u00dfe<\/a>.<\/span><\/h6>\n","protected":false},"excerpt":{"rendered":"<p>Privatpraxis f\u00fcr Physiotherapie Erika Schwalb Mainzer Str. 50 65185 Wiesbaden Tel: 0176-50 48 22 12 email: mail@physiotherapie-schwalb.de Praxisinhaberin: Erika Schwalb Gesetzliche Berufsbezeichnung: Physiotherapeutin Verleihung im Bundesland: Hessen Mitglied im Berufsverband: ZVK Steuernummer: 31\/036\/60196 Berufsrechtliche Regelungen: Berufsordnung: Gesetz \u00fcber die Berufe in der Physiotherapie (Masseur- und Physiotherapeutengesetz &#8211; MPhG) Inhaltlich Verantwortlicher: gem\u00e4\u00df \u00a7 5 TMG (Telemediengesetz), &hellip; <a href=\"https:\/\/physiotherapie-schwalb.de\/?page_id=67\" class=\"more-link\"><span class=\"screen-reader-text\">Impressum<\/span> weiterlesen <span class=\"meta-nav\">&rarr;<\/span><\/a><\/p>\n","protected":false},"author":1,"featured_media":0,"parent":0,"menu_order":0,"comment_status":"closed","ping_status":"closed","template":"","meta":{"ngg_post_thumbnail":0,"footnotes":""},"yoast_head":"<!-- This site is optimized with the Yoast SEO plugin v19.0 - https:\/\/yoast.com\/wordpress\/plugins\/seo\/ -->\n<title>Impressum - Physiotherapie Erika Schwalb<\/title>\n<meta name=\"description\" content=\"Physiotherapie, Manuelle Therapie, Lymphdrainage, KPE, Komplexe Entstauungstherapie, PNF, CMD, Kiefergelenk, Triggerpunkt-Therapie, Atemtherapie, Massage, Sportmassage, Brunkow, Craniomandibul\u00e4r, Krankengymnastik, Nordic Walking, Wiesbaden, Taunusstein, Mainz, Rheingau-Taunus, Rhein-Main, Frankfurt, Schwalb, Praxis f\u00fcr Allgemeinmedizin, Rheinstra\u00dfe.\" \/>\n<meta name=\"robots\" content=\"index, follow, max-snippet:-1, max-image-preview:large, max-video-preview:-1\" \/>\n<link rel=\"canonical\" href=\"https:\/\/physiotherapie-schwalb.de\/?page_id=67\" \/>\n<meta property=\"og:locale\" content=\"de_DE\" \/>\n<meta property=\"og:type\" content=\"article\" \/>\n<meta property=\"og:title\" content=\"Impressum - Physiotherapie Erika Schwalb\" \/>\n<meta property=\"og:description\" content=\"Physiotherapie, Manuelle Therapie, Lymphdrainage, KPE, Komplexe Entstauungstherapie, PNF, CMD, Kiefergelenk, Triggerpunkt-Therapie, Atemtherapie, Massage, Sportmassage, Brunkow, Craniomandibul\u00e4r, Krankengymnastik, Nordic Walking, Wiesbaden, Taunusstein, Mainz, Rheingau-Taunus, Rhein-Main, Frankfurt, Schwalb, Praxis f\u00fcr Allgemeinmedizin, Rheinstra\u00dfe.\" \/>\n<meta property=\"og:url\" content=\"https:\/\/physiotherapie-schwalb.de\/?page_id=67\" \/>\n<meta property=\"og:site_name\" content=\"Physiotherapie Erika Schwalb\" \/>\n<meta property=\"article:modified_time\" content=\"2021-04-06T06:18:09+00:00\" \/>\n<meta property=\"og:image\" content=\"https:\/\/physiotherapie-schwalb.de\/wp-content\/uploads\/2015\/02\/Physiotherapie-Wiesbaden-Schwalb.gif\" \/>\n<meta name=\"twitter:label1\" content=\"Gesch\u00e4tzte Lesezeit\" \/>\n\t<meta name=\"twitter:data1\" content=\"3 Minuten\" \/>\n<script type=\"application\/ld+json\" class=\"yoast-schema-graph\">{\"@context\":\"https:\/\/schema.org\",\"@graph\":[{\"@type\":\"WebSite\",\"@id\":\"https:\/\/physiotherapie-schwalb.de\/#website\",\"url\":\"https:\/\/physiotherapie-schwalb.de\/\",\"name\":\"Physiotherapie Erika Schwalb\",\"description\":\"\",\"potentialAction\":[{\"@type\":\"SearchAction\",\"target\":{\"@type\":\"EntryPoint\",\"urlTemplate\":\"https:\/\/physiotherapie-schwalb.de\/?s={search_term_string}\"},\"query-input\":\"required name=search_term_string\"}],\"inLanguage\":\"de-DE\"},{\"@type\":\"ImageObject\",\"inLanguage\":\"de-DE\",\"@id\":\"https:\/\/physiotherapie-schwalb.de\/?page_id=67#primaryimage\",\"url\":\"https:\/\/physiotherapie-schwalb.de\/wp-content\/uploads\/2015\/02\/Physiotherapie-Wiesbaden-Schwalb.gif\",\"contentUrl\":\"https:\/\/physiotherapie-schwalb.de\/wp-content\/uploads\/2015\/02\/Physiotherapie-Wiesbaden-Schwalb.gif\",\"width\":28,\"height\":28,\"caption\":\"Physiotherapie, Manuelle Therapie, Lymphdrainage, KPE, Komplexe Entstauungstherapie, PNF, CMD, Kiefergelenk, Triggerpunkt-Therapie, Atemtherapie, Massage, Sportmassage, Brunkow, Craniomandibul\u00e4r, Krankengymnastik, Nordic Walking, Wiesbaden, Taunusstein, Mainz, Rheingau-Taunus, Rhein-Main, Frankfurt, Schwalb, Praxis f\u00fcr Allgemeinmedizin, Rheinstra\u00dfe\"},{\"@type\":\"WebPage\",\"@id\":\"https:\/\/physiotherapie-schwalb.de\/?page_id=67#webpage\",\"url\":\"https:\/\/physiotherapie-schwalb.de\/?page_id=67\",\"name\":\"Impressum - Physiotherapie Erika Schwalb\",\"isPartOf\":{\"@id\":\"https:\/\/physiotherapie-schwalb.de\/#website\"},\"primaryImageOfPage\":{\"@id\":\"https:\/\/physiotherapie-schwalb.de\/?page_id=67#primaryimage\"},\"datePublished\":\"2015-02-13T17:12:16+00:00\",\"dateModified\":\"2021-04-06T06:18:09+00:00\",\"description\":\"Physiotherapie, Manuelle Therapie, Lymphdrainage, KPE, Komplexe Entstauungstherapie, PNF, CMD, Kiefergelenk, Triggerpunkt-Therapie, Atemtherapie, Massage, Sportmassage, Brunkow, Craniomandibul\u00e4r, Krankengymnastik, Nordic Walking, Wiesbaden, Taunusstein, Mainz, Rheingau-Taunus, Rhein-Main, Frankfurt, Schwalb, Praxis f\u00fcr Allgemeinmedizin, Rheinstra\u00dfe.\",\"breadcrumb\":{\"@id\":\"https:\/\/physiotherapie-schwalb.de\/?page_id=67#breadcrumb\"},\"inLanguage\":\"de-DE\",\"potentialAction\":[{\"@type\":\"ReadAction\",\"target\":[\"https:\/\/physiotherapie-schwalb.de\/?page_id=67\"]}]},{\"@type\":\"BreadcrumbList\",\"@id\":\"https:\/\/physiotherapie-schwalb.de\/?page_id=67#breadcrumb\",\"itemListElement\":[{\"@type\":\"ListItem\",\"position\":1,\"name\":\"Home\",\"item\":\"https:\/\/physiotherapie-schwalb.de\/\"},{\"@type\":\"ListItem\",\"position\":2,\"name\":\"Impressum\"}]}]}<\/script>\n<!-- \/ Yoast SEO plugin. -->","yoast_head_json":{"title":"Impressum - Physiotherapie Erika Schwalb","description":"Physiotherapie, Manuelle Therapie, Lymphdrainage, KPE, Komplexe Entstauungstherapie, PNF, CMD, Kiefergelenk, Triggerpunkt-Therapie, Atemtherapie, Massage, Sportmassage, Brunkow, Craniomandibul\u00e4r, Krankengymnastik, Nordic Walking, Wiesbaden, Taunusstein, Mainz, Rheingau-Taunus, Rhein-Main, Frankfurt, Schwalb, Praxis f\u00fcr Allgemeinmedizin, Rheinstra\u00dfe.","robots":{"index":"index","follow":"follow","max-snippet":"max-snippet:-1","max-image-preview":"max-image-preview:large","max-video-preview":"max-video-preview:-1"},"canonical":"https:\/\/physiotherapie-schwalb.de\/?page_id=67","og_locale":"de_DE","og_type":"article","og_title":"Impressum - Physiotherapie Erika Schwalb","og_description":"Physiotherapie, Manuelle Therapie, Lymphdrainage, KPE, Komplexe Entstauungstherapie, PNF, CMD, Kiefergelenk, Triggerpunkt-Therapie, Atemtherapie, Massage, Sportmassage, Brunkow, Craniomandibul\u00e4r, Krankengymnastik, Nordic Walking, Wiesbaden, Taunusstein, Mainz, Rheingau-Taunus, Rhein-Main, Frankfurt, Schwalb, Praxis f\u00fcr Allgemeinmedizin, Rheinstra\u00dfe.","og_url":"https:\/\/physiotherapie-schwalb.de\/?page_id=67","og_site_name":"Physiotherapie Erika Schwalb","article_modified_time":"2021-04-06T06:18:09+00:00","og_image":[{"url":"https:\/\/physiotherapie-schwalb.de\/wp-content\/uploads\/2015\/02\/Physiotherapie-Wiesbaden-Schwalb.gif"}],"twitter_misc":{"Gesch\u00e4tzte Lesezeit":"3 Minuten"},"schema":{"@context":"https:\/\/schema.org","@graph":[{"@type":"WebSite","@id":"https:\/\/physiotherapie-schwalb.de\/#website","url":"https:\/\/physiotherapie-schwalb.de\/","name":"Physiotherapie Erika Schwalb","description":"","potentialAction":[{"@type":"SearchAction","target":{"@type":"EntryPoint","urlTemplate":"https:\/\/physiotherapie-schwalb.de\/?s={search_term_string}"},"query-input":"required name=search_term_string"}],"inLanguage":"de-DE"},{"@type":"ImageObject","inLanguage":"de-DE","@id":"https:\/\/physiotherapie-schwalb.de\/?page_id=67#primaryimage","url":"https:\/\/physiotherapie-schwalb.de\/wp-content\/uploads\/2015\/02\/Physiotherapie-Wiesbaden-Schwalb.gif","contentUrl":"https:\/\/physiotherapie-schwalb.de\/wp-content\/uploads\/2015\/02\/Physiotherapie-Wiesbaden-Schwalb.gif","width":28,"height":28,"caption":"Physiotherapie, Manuelle Therapie, Lymphdrainage, KPE, Komplexe Entstauungstherapie, PNF, CMD, Kiefergelenk, Triggerpunkt-Therapie, Atemtherapie, Massage, Sportmassage, Brunkow, Craniomandibul\u00e4r, Krankengymnastik, Nordic Walking, Wiesbaden, Taunusstein, Mainz, Rheingau-Taunus, Rhein-Main, Frankfurt, Schwalb, Praxis f\u00fcr Allgemeinmedizin, Rheinstra\u00dfe"},{"@type":"WebPage","@id":"https:\/\/physiotherapie-schwalb.de\/?page_id=67#webpage","url":"https:\/\/physiotherapie-schwalb.de\/?page_id=67","name":"Impressum - Physiotherapie Erika Schwalb","isPartOf":{"@id":"https:\/\/physiotherapie-schwalb.de\/#website"},"primaryImageOfPage":{"@id":"https:\/\/physiotherapie-schwalb.de\/?page_id=67#primaryimage"},"datePublished":"2015-02-13T17:12:16+00:00","dateModified":"2021-04-06T06:18:09+00:00","description":"Physiotherapie, Manuelle Therapie, Lymphdrainage, KPE, Komplexe Entstauungstherapie, PNF, CMD, Kiefergelenk, Triggerpunkt-Therapie, Atemtherapie, Massage, Sportmassage, Brunkow, Craniomandibul\u00e4r, Krankengymnastik, Nordic Walking, Wiesbaden, Taunusstein, Mainz, Rheingau-Taunus, Rhein-Main, Frankfurt, Schwalb, Praxis f\u00fcr Allgemeinmedizin, Rheinstra\u00dfe.","breadcrumb":{"@id":"https:\/\/physiotherapie-schwalb.de\/?page_id=67#breadcrumb"},"inLanguage":"de-DE","potentialAction":[{"@type":"ReadAction","target":["https:\/\/physiotherapie-schwalb.de\/?page_id=67"]}]},{"@type":"BreadcrumbList","@id":"https:\/\/physiotherapie-schwalb.de\/?page_id=67#breadcrumb","itemListElement":[{"@type":"ListItem","position":1,"name":"Home","item":"https:\/\/physiotherapie-schwalb.de\/"},{"@type":"ListItem","position":2,"name":"Impressum"}]}]}},"_links":{"self":[{"href":"https:\/\/physiotherapie-schwalb.de\/index.php?rest_route=\/wp\/v2\/pages\/67"}],"collection":[{"href":"https:\/\/physiotherapie-schwalb.de\/index.php?rest_route=\/wp\/v2\/pages"}],"about":[{"href":"https:\/\/physiotherapie-schwalb.de\/index.php?rest_route=\/wp\/v2\/types\/page"}],"author":[{"embeddable":true,"href":"https:\/\/physiotherapie-schwalb.de\/index.php?rest_route=\/wp\/v2\/users\/1"}],"replies":[{"embeddable":true,"href":"https:\/\/physiotherapie-schwalb.de\/index.php?rest_route=%2Fwp%2Fv2%2Fcomments&post=67"}],"version-history":[{"count":8,"href":"https:\/\/physiotherapie-schwalb.de\/index.php?rest_route=\/wp\/v2\/pages\/67\/revisions"}],"predecessor-version":[{"id":216,"href":"https:\/\/physiotherapie-schwalb.de\/index.php?rest_route=\/wp\/v2\/pages\/67\/revisions\/216"}],"wp:attachment":[{"href":"https:\/\/physiotherapie-schwalb.de\/index.php?rest_route=%2Fwp%2Fv2%2Fmedia&parent=67"}],"curies":[{"name":"wp","href":"https:\/\/api.w.org\/{rel}","templated":true}]}}