{"id":60,"date":"2015-02-13T16:46:12","date_gmt":"2015-02-13T16:46:12","guid":{"rendered":"http:\/\/physiotherapie-schwalb.de\/?page_id=60"},"modified":"2021-04-03T20:22:10","modified_gmt":"2021-04-03T20:22:10","slug":"leistungen","status":"publish","type":"page","link":"https:\/\/physiotherapie-schwalb.de\/?page_id=60","title":{"rendered":"Leistungen"},"content":{"rendered":"<p>Meine Praxis befindet sich im ITF-Wiesbaden, einem Institut f\u00fcr interdisziplin\u00e4re Therapie. In unseren Institut arbeiten \u00c4rzte und Therapeuten der verschiedensten Disziplinen zusammen, so dass eine kurze kolegiale Vernetzung&nbsp; m\u00f6glich ist. Hierdurch er\u00f6ffet sich f\u00fcr den Patienten die M\u00f6glichkeit, verschiedene L\u00f6sungsans\u00e4tze f\u00fcr sein Problem zu finden und anzugehen.<\/p>\n<p>Neben dem normalen physiotherapeutischen Spektrum habe ich meine therapeutische Leidenschaft in der Behandlung von <em><strong>Craniomandibul\u00e4ren St\u00f6rungen (Kiefergelenk)<\/strong> <\/em>gefunden.&nbsp;<br \/>\nIn Zusammenarbeit mit Kieferorthop\u00e4den, Zahn\u00e4rzten, Orthop\u00e4den und Haus\u00e4rzten werden so strukturelle und funktionelle Zusammenh\u00e4nge gefunden und ganzheitlich angegangen.<br \/>\nEine weitere therapeutische Passion ist die physiotherapeutischen Nachsorge von <em><strong>Mamma-Ca (Bruskrebs)<\/strong><\/em> Patientinnen.<br \/>\nHier gilt es besonders, f\u00fcr eine harmonische Narbenbildung zu sorgen und Lymphabflussst\u00f6rungen zu vermeiden bzw. diese zu beseitigen.<br \/>\nUm auch hier eine gute Betreuung garantieren zu k\u00f6nnen, arbeite ich eng mit Brustkrebszentren und Gyn\u00e4kologen zusammen.<\/p>\n<p>Aber nat\u00fcrlich kommt auch das normale physiotherapeutische Spektum nicht zu kurz.<br \/>\nZu meinen Therapieangeboten geh\u00f6ren:<\/p>\n<ul>\n<li>Krankengymnastik<\/li>\n<li>PNF (Krankengymnastik bei neurologischen Erkrankungen)<\/li>\n<li>Brunkow<\/li>\n<li>Kiefergelenkbehandlung (CMD)<\/li>\n<li>Manuelle Therapie<\/li>\n<li>Manuelle Lymphdrainage<\/li>\n<li>Komplexe physikalische Entstauungstherapie (KPE)<\/li>\n<li>Triggerpunkt-Therapie<\/li>\n<li>Atemtherapie<\/li>\n<li>Klassische Massagetherapie<\/li>\n<li>Schr\u00f6pfmassage<\/li>\n<li>Sportmassage<\/li>\n<li>Hei\u00dfe Rolle\/Reizstrom<\/li>\n<li>Eisbehandlung\/Kryotherapie<\/li>\n<li>Haltungsschulung\/Gleichgewichtschulung<\/li>\n<li>Kinesio Taping<\/li>\n<li>Beckenbodentraining (auch in der Gruppe)<\/li>\n<li>Nordic-Walking Trainerin<\/li>\n<li>Hausbesuche<\/li>\n<\/ul>\n<p>&nbsp;<\/p>\n<h2><span style=\"color: #ffffff;\">Physiotherapie Wiesbaden Schwalb<a style=\"color: #ffffff;\" href=\"https:\/\/physiotherapie-schwalb.de\/wp-content\/uploads\/2015\/02\/Physiotherapie-Wiesbaden-Schwalb.gif\"><img loading=\"lazy\" decoding=\"async\" class=\"alignnone size-full wp-image-137\" src=\"https:\/\/physiotherapie-schwalb.de\/wp-content\/uploads\/2015\/02\/Physiotherapie-Wiesbaden-Schwalb.gif\" alt=\"Physiotherapie, Manuelle Therapie, Lymphdrainage, KPE, Komplexe Entstauungstherapie, PNF, CMD, Kiefergelenk, Triggerpunkt-Therapie, Atemtherapie, Massage, Sportmassage, Brunkow, Craniomandibul\u00e4r, Krankengymnastik, Nordic Walking, Wiesbaden, Taunusstein, Mainz, Rheingau-Taunus, Rhein-Main, Frankfurt, Schwalb, Praxis f\u00fcr Allgemeinmedizin, Rheinstra\u00dfe\" width=\"28\" height=\"28\"><\/a><\/span><\/h2>\n<h6><span style=\"color: #ffffff;\"><a style=\"color: #ffffff;\" title=\"Leistungen\" href=\"https:\/\/physiotherapie-schwalb.de\/?page_id=60\"> Physiotherapie<\/a>, <a style=\"color: #ffffff;\" title=\"Leistungen\" href=\"https:\/\/physiotherapie-schwalb.de\/?page_id=60\">Manuelle Therapie<\/a>, <a style=\"color: #ffffff;\" title=\"Leistungen\" href=\"https:\/\/physiotherapie-schwalb.de\/?page_id=60\">Lymphdrainage<\/a>, <a style=\"color: #ffffff;\" title=\"Leistungen\" href=\"https:\/\/physiotherapie-schwalb.de\/?page_id=60\">KPE<\/a>, <a style=\"color: #ffffff;\" title=\"Leistungen\" href=\"https:\/\/physiotherapie-schwalb.de\/?page_id=60\">Komplexe Entstauungstherapie<\/a>, <a style=\"color: #ffffff;\" title=\"Leistungen\" href=\"https:\/\/physiotherapie-schwalb.de\/?page_id=60\">PNF<\/a>, <a style=\"color: #ffffff;\" title=\"Leistungen\" href=\"https:\/\/physiotherapie-schwalb.de\/?page_id=60\">CMD<\/a>, <a style=\"color: #ffffff;\" title=\"Leistungen\" href=\"https:\/\/physiotherapie-schwalb.de\/?page_id=60\">Kiefergelenk<\/a>, <a style=\"color: #ffffff;\" title=\"Leistungen\" href=\"https:\/\/physiotherapie-schwalb.de\/?page_id=60\">Triggerpunkt-Therapie<\/a>, <a style=\"color: #ffffff;\" title=\"Leistungen\" href=\"https:\/\/physiotherapie-schwalb.de\/?page_id=60\">Atemtherapie<\/a>, <a style=\"color: #ffffff;\" title=\"Leistungen\" href=\"https:\/\/physiotherapie-schwalb.de\/?page_id=60\">Massage<\/a>, <a style=\"color: #ffffff;\" title=\"Leistungen\" href=\"https:\/\/physiotherapie-schwalb.de\/?page_id=60\">Sportmassage<\/a>, <a style=\"color: #ffffff;\" title=\"Leistungen\" href=\"https:\/\/physiotherapie-schwalb.de\/?page_id=60\">Brunkow<\/a>, <a style=\"color: #ffffff;\" title=\"Leistungen\" href=\"https:\/\/physiotherapie-schwalb.de\/?page_id=60\">Craniomandibul\u00e4r<\/a>, <a style=\"color: #ffffff;\" title=\"Leistungen\" href=\"https:\/\/physiotherapie-schwalb.de\/?page_id=60\">Krankengymnastik<\/a>, <a style=\"color: #ffffff;\" title=\"Leistungen\" href=\"https:\/\/physiotherapie-schwalb.de\/?page_id=60\">Nordic Walking<\/a>, <a style=\"color: #ffffff;\" title=\"Leistungen\" href=\"https:\/\/physiotherapie-schwalb.de\/?page_id=60\">Wiesbaden<\/a>, <a style=\"color: #ffffff;\" title=\"Leistungen\" href=\"https:\/\/physiotherapie-schwalb.de\/?page_id=60\">Taunusstein<\/a>, <a style=\"color: #ffffff;\" title=\"Leistungen\" href=\"https:\/\/physiotherapie-schwalb.de\/?page_id=60\">Mainz<\/a>, <a style=\"color: #ffffff;\" title=\"Leistungen\" href=\"https:\/\/physiotherapie-schwalb.de\/?page_id=60\">Rheingau-Taunus<\/a>, <a style=\"color: #ffffff;\" title=\"Leistungen\" href=\"https:\/\/physiotherapie-schwalb.de\/?page_id=60\">Rhein-Main<\/a>, <a style=\"color: #ffffff;\" title=\"Leistungen\" href=\"https:\/\/physiotherapie-schwalb.de\/?page_id=60\">Frankfurt<\/a>, <a style=\"color: #ffffff;\" title=\"Leistungen\" href=\"https:\/\/physiotherapie-schwalb.de\/?page_id=60\">Schwalb<\/a>, <a style=\"color: #ffffff;\" href=\"http:\/\/dr-schwalb.de\" target=\"_blank\" rel=\"noopener noreferrer\">Praxis f\u00fcr Allgemeinmedizin<\/a>, <a style=\"color: #ffffff;\" href=\"http:\/\/dr-schwalb.de\" target=\"_blank\" rel=\"noopener noreferrer\">Rheinstra\u00dfe<\/a>. <a style=\"color: #ffffff;\" title=\"Leistungen\" href=\"https:\/\/physiotherapie-schwalb.de\/?page_id=60\">Physiotherapie<\/a>, <a style=\"color: #ffffff;\" title=\"Leistungen\" href=\"https:\/\/physiotherapie-schwalb.de\/?page_id=60\">Manuelle Therapie<\/a>, <a style=\"color: #ffffff;\" title=\"Leistungen\" href=\"https:\/\/physiotherapie-schwalb.de\/?page_id=60\">Lymphdrainage<\/a>, <a style=\"color: #ffffff;\" title=\"Leistungen\" href=\"https:\/\/physiotherapie-schwalb.de\/?page_id=60\">KPE<\/a>, <a style=\"color: #ffffff;\" title=\"Leistungen\" href=\"https:\/\/physiotherapie-schwalb.de\/?page_id=60\">Komplexe Entstauungstherapie<\/a>, <a style=\"color: #ffffff;\" title=\"Leistungen\" href=\"https:\/\/physiotherapie-schwalb.de\/?page_id=60\">PNF<\/a>, <a style=\"color: #ffffff;\" title=\"Leistungen\" href=\"https:\/\/physiotherapie-schwalb.de\/?page_id=60\">CMD<\/a>, <a style=\"color: #ffffff;\" title=\"Leistungen\" href=\"https:\/\/physiotherapie-schwalb.de\/?page_id=60\">Kiefergelenk<\/a>, <a style=\"color: #ffffff;\" title=\"Leistungen\" href=\"https:\/\/physiotherapie-schwalb.de\/?page_id=60\">Triggerpunkt-Therapie<\/a>, <a style=\"color: #ffffff;\" title=\"Leistungen\" href=\"https:\/\/physiotherapie-schwalb.de\/?page_id=60\">Atemtherapie<\/a>, <a style=\"color: #ffffff;\" title=\"Leistungen\" href=\"https:\/\/physiotherapie-schwalb.de\/?page_id=60\">Massage<\/a>, <a style=\"color: #ffffff;\" title=\"Leistungen\" href=\"https:\/\/physiotherapie-schwalb.de\/?page_id=60\">Sportmassage<\/a>, <a style=\"color: #ffffff;\" title=\"Leistungen\" href=\"https:\/\/physiotherapie-schwalb.de\/?page_id=60\">Brunkow<\/a>, <a style=\"color: #ffffff;\" title=\"Leistungen\" href=\"https:\/\/physiotherapie-schwalb.de\/?page_id=60\">Craniomandibul\u00e4r<\/a>, <a style=\"color: #ffffff;\" title=\"Leistungen\" href=\"https:\/\/physiotherapie-schwalb.de\/?page_id=60\">Krankengymnastik<\/a>, <a style=\"color: #ffffff;\" title=\"Leistungen\" href=\"https:\/\/physiotherapie-schwalb.de\/?page_id=60\">Nordic Walking<\/a>, <a style=\"color: #ffffff;\" title=\"Leistungen\" href=\"https:\/\/physiotherapie-schwalb.de\/?page_id=60\">Wiesbaden<\/a>, <a style=\"color: #ffffff;\" title=\"Leistungen\" href=\"https:\/\/physiotherapie-schwalb.de\/?page_id=60\">Taunusstein<\/a>, <a style=\"color: #ffffff;\" title=\"Leistungen\" href=\"https:\/\/physiotherapie-schwalb.de\/?page_id=60\">Mainz<\/a>, <a style=\"color: #ffffff;\" title=\"Leistungen\" href=\"https:\/\/physiotherapie-schwalb.de\/?page_id=60\">Rheingau-Taunus<\/a>, <a style=\"color: #ffffff;\" title=\"Leistungen\" href=\"https:\/\/physiotherapie-schwalb.de\/?page_id=60\">Rhein-Main<\/a>, <a style=\"color: #ffffff;\" title=\"Leistungen\" href=\"https:\/\/physiotherapie-schwalb.de\/?page_id=60\">Frankfurt<\/a>, <a style=\"color: #ffffff;\" title=\"Leistungen\" href=\"https:\/\/physiotherapie-schwalb.de\/?page_id=60\">Schwalb<\/a>, <a style=\"color: #ffffff;\" href=\"http:\/\/dr-schwalb.de\" target=\"_blank\" rel=\"noopener noreferrer\">Praxis f\u00fcr Allgemeinmedizin<\/a>, <a style=\"color: #ffffff;\" href=\"http:\/\/dr-schwalb.de\" target=\"_blank\" rel=\"noopener noreferrer\">Rheinstra\u00dfe<\/a>.<\/span><\/h6>\n","protected":false},"excerpt":{"rendered":"<p>Meine Praxis befindet sich im ITF-Wiesbaden, einem Institut f\u00fcr interdisziplin\u00e4re Therapie. In unseren Institut arbeiten \u00c4rzte und Therapeuten der verschiedensten Disziplinen zusammen, so dass eine kurze kolegiale Vernetzung&nbsp; m\u00f6glich ist. Hierdurch er\u00f6ffet sich f\u00fcr den Patienten die M\u00f6glichkeit, verschiedene L\u00f6sungsans\u00e4tze f\u00fcr sein Problem zu finden und anzugehen. Neben dem normalen physiotherapeutischen Spektrum habe ich meine &hellip; <a href=\"https:\/\/physiotherapie-schwalb.de\/?page_id=60\" class=\"more-link\"><span class=\"screen-reader-text\">Leistungen<\/span> weiterlesen <span class=\"meta-nav\">&rarr;<\/span><\/a><\/p>\n","protected":false},"author":1,"featured_media":0,"parent":0,"menu_order":0,"comment_status":"closed","ping_status":"closed","template":"","meta":{"ngg_post_thumbnail":0,"footnotes":""},"yoast_head":"<!-- This site is optimized with the Yoast SEO plugin v19.0 - https:\/\/yoast.com\/wordpress\/plugins\/seo\/ -->\n<title>Leistungen - Physiotherapie Erika Schwalb<\/title>\n<meta name=\"description\" content=\"Physiotherapie, Manuelle Therapie, Lymphdrainage, KPE, Komplexe Entstauungstherapie, PNF, CMD, Kiefergelenk, Triggerpunkt-Therapie, Atemtherapie, Massage, Sportmassage, Brunkow, Craniomandibul\u00e4r, Krankengymnastik, Nordic Walking, Wiesbaden, Taunusstein, Mainz, Rheingau-Taunus, Rhein-Main, Frankfurt, Schwalb, Praxis f\u00fcr Allgemeinmedizin, Rheinstra\u00dfe.\" \/>\n<meta name=\"robots\" content=\"index, follow, max-snippet:-1, max-image-preview:large, max-video-preview:-1\" \/>\n<link rel=\"canonical\" href=\"https:\/\/physiotherapie-schwalb.de\/?page_id=60\" \/>\n<meta property=\"og:locale\" content=\"de_DE\" \/>\n<meta property=\"og:type\" content=\"article\" \/>\n<meta property=\"og:title\" content=\"Leistungen - Physiotherapie Erika Schwalb\" \/>\n<meta property=\"og:description\" content=\"Physiotherapie, Manuelle Therapie, Lymphdrainage, KPE, Komplexe Entstauungstherapie, PNF, CMD, Kiefergelenk, Triggerpunkt-Therapie, Atemtherapie, Massage, Sportmassage, Brunkow, Craniomandibul\u00e4r, Krankengymnastik, Nordic Walking, Wiesbaden, Taunusstein, Mainz, Rheingau-Taunus, Rhein-Main, Frankfurt, Schwalb, Praxis f\u00fcr Allgemeinmedizin, Rheinstra\u00dfe.\" \/>\n<meta property=\"og:url\" content=\"https:\/\/physiotherapie-schwalb.de\/?page_id=60\" \/>\n<meta property=\"og:site_name\" content=\"Physiotherapie Erika Schwalb\" \/>\n<meta property=\"article:modified_time\" content=\"2021-04-03T20:22:10+00:00\" \/>\n<meta property=\"og:image\" content=\"https:\/\/physiotherapie-schwalb.de\/wp-content\/uploads\/2015\/02\/Physiotherapie-Wiesbaden-Schwalb.gif\" \/>\n<meta name=\"twitter:label1\" content=\"Gesch\u00e4tzte Lesezeit\" \/>\n\t<meta name=\"twitter:data1\" content=\"2 Minuten\" \/>\n<script type=\"application\/ld+json\" class=\"yoast-schema-graph\">{\"@context\":\"https:\/\/schema.org\",\"@graph\":[{\"@type\":\"WebSite\",\"@id\":\"https:\/\/physiotherapie-schwalb.de\/#website\",\"url\":\"https:\/\/physiotherapie-schwalb.de\/\",\"name\":\"Physiotherapie Erika Schwalb\",\"description\":\"\",\"potentialAction\":[{\"@type\":\"SearchAction\",\"target\":{\"@type\":\"EntryPoint\",\"urlTemplate\":\"https:\/\/physiotherapie-schwalb.de\/?s={search_term_string}\"},\"query-input\":\"required name=search_term_string\"}],\"inLanguage\":\"de-DE\"},{\"@type\":\"ImageObject\",\"inLanguage\":\"de-DE\",\"@id\":\"https:\/\/physiotherapie-schwalb.de\/?page_id=60#primaryimage\",\"url\":\"https:\/\/physiotherapie-schwalb.de\/wp-content\/uploads\/2015\/02\/Physiotherapie-Wiesbaden-Schwalb.gif\",\"contentUrl\":\"https:\/\/physiotherapie-schwalb.de\/wp-content\/uploads\/2015\/02\/Physiotherapie-Wiesbaden-Schwalb.gif\",\"width\":28,\"height\":28,\"caption\":\"Physiotherapie, Manuelle Therapie, Lymphdrainage, KPE, Komplexe Entstauungstherapie, PNF, CMD, Kiefergelenk, Triggerpunkt-Therapie, Atemtherapie, Massage, Sportmassage, Brunkow, Craniomandibul\u00e4r, Krankengymnastik, Nordic Walking, Wiesbaden, Taunusstein, Mainz, Rheingau-Taunus, Rhein-Main, Frankfurt, Schwalb, Praxis f\u00fcr Allgemeinmedizin, Rheinstra\u00dfe\"},{\"@type\":\"WebPage\",\"@id\":\"https:\/\/physiotherapie-schwalb.de\/?page_id=60#webpage\",\"url\":\"https:\/\/physiotherapie-schwalb.de\/?page_id=60\",\"name\":\"Leistungen - Physiotherapie Erika Schwalb\",\"isPartOf\":{\"@id\":\"https:\/\/physiotherapie-schwalb.de\/#website\"},\"primaryImageOfPage\":{\"@id\":\"https:\/\/physiotherapie-schwalb.de\/?page_id=60#primaryimage\"},\"datePublished\":\"2015-02-13T16:46:12+00:00\",\"dateModified\":\"2021-04-03T20:22:10+00:00\",\"description\":\"Physiotherapie, Manuelle Therapie, Lymphdrainage, KPE, Komplexe Entstauungstherapie, PNF, CMD, Kiefergelenk, Triggerpunkt-Therapie, Atemtherapie, Massage, Sportmassage, Brunkow, Craniomandibul\u00e4r, Krankengymnastik, Nordic Walking, Wiesbaden, Taunusstein, Mainz, Rheingau-Taunus, Rhein-Main, Frankfurt, Schwalb, Praxis f\u00fcr Allgemeinmedizin, Rheinstra\u00dfe.\",\"breadcrumb\":{\"@id\":\"https:\/\/physiotherapie-schwalb.de\/?page_id=60#breadcrumb\"},\"inLanguage\":\"de-DE\",\"potentialAction\":[{\"@type\":\"ReadAction\",\"target\":[\"https:\/\/physiotherapie-schwalb.de\/?page_id=60\"]}]},{\"@type\":\"BreadcrumbList\",\"@id\":\"https:\/\/physiotherapie-schwalb.de\/?page_id=60#breadcrumb\",\"itemListElement\":[{\"@type\":\"ListItem\",\"position\":1,\"name\":\"Home\",\"item\":\"https:\/\/physiotherapie-schwalb.de\/\"},{\"@type\":\"ListItem\",\"position\":2,\"name\":\"Leistungen\"}]}]}<\/script>\n<!-- \/ Yoast SEO plugin. -->","yoast_head_json":{"title":"Leistungen - Physiotherapie Erika Schwalb","description":"Physiotherapie, Manuelle Therapie, Lymphdrainage, KPE, Komplexe Entstauungstherapie, PNF, CMD, Kiefergelenk, Triggerpunkt-Therapie, Atemtherapie, Massage, Sportmassage, Brunkow, Craniomandibul\u00e4r, Krankengymnastik, Nordic Walking, Wiesbaden, Taunusstein, Mainz, Rheingau-Taunus, Rhein-Main, Frankfurt, Schwalb, Praxis f\u00fcr Allgemeinmedizin, Rheinstra\u00dfe.","robots":{"index":"index","follow":"follow","max-snippet":"max-snippet:-1","max-image-preview":"max-image-preview:large","max-video-preview":"max-video-preview:-1"},"canonical":"https:\/\/physiotherapie-schwalb.de\/?page_id=60","og_locale":"de_DE","og_type":"article","og_title":"Leistungen - Physiotherapie Erika Schwalb","og_description":"Physiotherapie, Manuelle Therapie, Lymphdrainage, KPE, Komplexe Entstauungstherapie, PNF, CMD, Kiefergelenk, Triggerpunkt-Therapie, Atemtherapie, Massage, Sportmassage, Brunkow, Craniomandibul\u00e4r, Krankengymnastik, Nordic Walking, Wiesbaden, Taunusstein, Mainz, Rheingau-Taunus, Rhein-Main, Frankfurt, Schwalb, Praxis f\u00fcr Allgemeinmedizin, Rheinstra\u00dfe.","og_url":"https:\/\/physiotherapie-schwalb.de\/?page_id=60","og_site_name":"Physiotherapie Erika Schwalb","article_modified_time":"2021-04-03T20:22:10+00:00","og_image":[{"url":"https:\/\/physiotherapie-schwalb.de\/wp-content\/uploads\/2015\/02\/Physiotherapie-Wiesbaden-Schwalb.gif"}],"twitter_misc":{"Gesch\u00e4tzte Lesezeit":"2 Minuten"},"schema":{"@context":"https:\/\/schema.org","@graph":[{"@type":"WebSite","@id":"https:\/\/physiotherapie-schwalb.de\/#website","url":"https:\/\/physiotherapie-schwalb.de\/","name":"Physiotherapie Erika Schwalb","description":"","potentialAction":[{"@type":"SearchAction","target":{"@type":"EntryPoint","urlTemplate":"https:\/\/physiotherapie-schwalb.de\/?s={search_term_string}"},"query-input":"required name=search_term_string"}],"inLanguage":"de-DE"},{"@type":"ImageObject","inLanguage":"de-DE","@id":"https:\/\/physiotherapie-schwalb.de\/?page_id=60#primaryimage","url":"https:\/\/physiotherapie-schwalb.de\/wp-content\/uploads\/2015\/02\/Physiotherapie-Wiesbaden-Schwalb.gif","contentUrl":"https:\/\/physiotherapie-schwalb.de\/wp-content\/uploads\/2015\/02\/Physiotherapie-Wiesbaden-Schwalb.gif","width":28,"height":28,"caption":"Physiotherapie, Manuelle Therapie, Lymphdrainage, KPE, Komplexe Entstauungstherapie, PNF, CMD, Kiefergelenk, Triggerpunkt-Therapie, Atemtherapie, Massage, Sportmassage, Brunkow, Craniomandibul\u00e4r, Krankengymnastik, Nordic Walking, Wiesbaden, Taunusstein, Mainz, Rheingau-Taunus, Rhein-Main, Frankfurt, Schwalb, Praxis f\u00fcr Allgemeinmedizin, Rheinstra\u00dfe"},{"@type":"WebPage","@id":"https:\/\/physiotherapie-schwalb.de\/?page_id=60#webpage","url":"https:\/\/physiotherapie-schwalb.de\/?page_id=60","name":"Leistungen - Physiotherapie Erika Schwalb","isPartOf":{"@id":"https:\/\/physiotherapie-schwalb.de\/#website"},"primaryImageOfPage":{"@id":"https:\/\/physiotherapie-schwalb.de\/?page_id=60#primaryimage"},"datePublished":"2015-02-13T16:46:12+00:00","dateModified":"2021-04-03T20:22:10+00:00","description":"Physiotherapie, Manuelle Therapie, Lymphdrainage, KPE, Komplexe Entstauungstherapie, PNF, CMD, Kiefergelenk, Triggerpunkt-Therapie, Atemtherapie, Massage, Sportmassage, Brunkow, Craniomandibul\u00e4r, Krankengymnastik, Nordic Walking, Wiesbaden, Taunusstein, Mainz, Rheingau-Taunus, Rhein-Main, Frankfurt, Schwalb, Praxis f\u00fcr Allgemeinmedizin, Rheinstra\u00dfe.","breadcrumb":{"@id":"https:\/\/physiotherapie-schwalb.de\/?page_id=60#breadcrumb"},"inLanguage":"de-DE","potentialAction":[{"@type":"ReadAction","target":["https:\/\/physiotherapie-schwalb.de\/?page_id=60"]}]},{"@type":"BreadcrumbList","@id":"https:\/\/physiotherapie-schwalb.de\/?page_id=60#breadcrumb","itemListElement":[{"@type":"ListItem","position":1,"name":"Home","item":"https:\/\/physiotherapie-schwalb.de\/"},{"@type":"ListItem","position":2,"name":"Leistungen"}]}]}},"_links":{"self":[{"href":"https:\/\/physiotherapie-schwalb.de\/index.php?rest_route=\/wp\/v2\/pages\/60"}],"collection":[{"href":"https:\/\/physiotherapie-schwalb.de\/index.php?rest_route=\/wp\/v2\/pages"}],"about":[{"href":"https:\/\/physiotherapie-schwalb.de\/index.php?rest_route=\/wp\/v2\/types\/page"}],"author":[{"embeddable":true,"href":"https:\/\/physiotherapie-schwalb.de\/index.php?rest_route=\/wp\/v2\/users\/1"}],"replies":[{"embeddable":true,"href":"https:\/\/physiotherapie-schwalb.de\/index.php?rest_route=%2Fwp%2Fv2%2Fcomments&post=60"}],"version-history":[{"count":10,"href":"https:\/\/physiotherapie-schwalb.de\/index.php?rest_route=\/wp\/v2\/pages\/60\/revisions"}],"predecessor-version":[{"id":215,"href":"https:\/\/physiotherapie-schwalb.de\/index.php?rest_route=\/wp\/v2\/pages\/60\/revisions\/215"}],"wp:attachment":[{"href":"https:\/\/physiotherapie-schwalb.de\/index.php?rest_route=%2Fwp%2Fv2%2Fmedia&parent=60"}],"curies":[{"name":"wp","href":"https:\/\/api.w.org\/{rel}","templated":true}]}}