{"id":178,"date":"2018-09-23T12:03:25","date_gmt":"2018-09-23T12:03:25","guid":{"rendered":"https:\/\/physiotherapie-schwalb.de\/?page_id=178"},"modified":"2018-09-23T12:03:25","modified_gmt":"2018-09-23T12:03:25","slug":"informationen-zum-datenschutz","status":"publish","type":"page","link":"https:\/\/physiotherapie-schwalb.de\/?page_id=178","title":{"rendered":"Informationen zum Datenschutz"},"content":{"rendered":"<p><strong>Informationen zum Datenschutz sowie zur Datenverarbeitung in unserer Praxis<\/strong><\/p>\n<p>&nbsp;<\/p>\n<p>Liebe Patienten,<\/p>\n<p>seit dem 25. Mai 2018 gelten mit der Europ\u00e4ischen Datenschutz-Grundverordnung (<a href=\"https:\/\/dsgvo-gesetz.de\/\">EU-DSGVO<\/a>) und dem neuen <a href=\"https:\/\/dsgvo-gesetz.de\/bdsg\/\">Bundesdatenschutzgesetzes<\/a> neue Bestimmungen.<\/p>\n<p>Um der <span class=\"fontstyle0\">Informationspflichten nach Art. 13 und Art. 14 EU-DSGVO nachzukommen und <\/span>Sie \u00fcber die Datenverarbeitung in unserer Praxis informieren<span class=\"fontstyle0\">, stellen wir Ihnen folgende Information zur Verf\u00fcgung:<\/span><\/p>\n<p>&nbsp;<\/p>\n<p><strong>Rechtsgrundlagen der Datenverarbeitung<\/strong><\/p>\n<p>Die Datenverarbeitung erfolgt aufgrund einer gesetzlichen Grundlage oder Ihrer Einwilligung.<br \/>\nDie Rechtsgrundlagen der Datenverarbeitung Ihrer Gesundheitsdaten (besondere Kategorien personenbezogener Daten) ergibt sich aus Artikel 9 Absatz 2 lit. h) DS-GVO in Verbindung mit <a href=\"https:\/\/dsgvo-gesetz.de\/bdsg-neu\/22-bdsg-neu\/\">\u00a7 22 Absatz 1 b des neuen Bundesdatenschutzgesetzes<\/a>.<\/p>\n<p>Sofern f\u00fcr die Datenverarbeitung Ihr Einverst\u00e4ndnis erforderlich ist, k\u00f6nnen Sie dieses jederzeit mit Wirkung f\u00fcr die Zukunft widerrufen oder einschr\u00e4nken.<\/p>\n<p>Sie haben das Recht, soweit die Voraussetzungen hierf\u00fcr vorliegen, Auskunft zu Ihren verarbeiteten Daten zu erhalten sowie auf deren Berichtigung oder L\u00f6schung auf Einschr\u00e4nkung der Verarbeitung sowie auf deren \u00dcbertragung.<\/p>\n<p>Sollten Sie Fragen zum Datenschutz haben, helfen wir Ihnen gerne weiter.<\/p>\n<p>Sollten weitergehende Fragen auftreten, haben Sie das Recht, sich an den <a href=\"https:\/\/datenschutz.hessen.de\/\">Hessischen Datenschutzbeauftragten<\/a> zu wenden.<\/p>\n<p><strong>Verantwortlich f\u00fcr die Verarbeitung Ihrer Daten ist: <\/strong><\/p>\n<ul>\n<li>Privatpraxis f\u00fcr Physiotherapie Erika Schwalb, Rheinstr. 59, 65185 Wiesbaden,<br \/>\nTel: 0176-50 48 22 12, email: mail@physiotherapie-schwalb.de<\/li>\n<li>Die Benennung eines Datenschutzbeauftragten ist gem\u00e4\u00df <a href=\"https:\/\/dsgvo-gesetz.de\/\">DSGVO<\/a> in unserer Praxis nicht notwendig.<\/li>\n<\/ul>\n<p><strong>Datenaufnahme:<\/strong><\/p>\n<p>Beim ersten Kontakt&nbsp; werden folgende Daten erhoben:<\/p>\n<ul>\n<li>Name, Adresse, Geburtsdatum, Geschlecht, Kostentr\u00e4ger und Versicherungsnummer<\/li>\n<\/ul>\n<p>Desweiteren erheben wir vei Ihnen auch in folgenden Kontakten Befunde und Diagnosen, verordnen Therapien und f\u00fcllen f\u00fcr Sie Musterformulare (Rezepte, AU,&nbsp; u.\u00e4.) aus. Dies alles muss \u00fcberpr\u00fcfbar patientenbezogen in unserer Kartei vermerkt und archiviert werden. Eine nachtr\u00e4gliche Bearbeitung und \u00c4nderung Ihrer Daten l\u00e4sst die PVS nicht zu.<\/p>\n<p>Aufgrund der Struktur unserer Praxis erfolgt die Verarbeitung der Abrechnungsdaten<br \/>\nan einem separaten PC in unserer Praxis, elektronische Daten werden zur weiteren Abrechnung nicht herausgegeben. Gesundheitsdaten werden klassisch in Karteikartenform gef\u00fchrt.<\/p>\n<p>Jeder Patient erh\u00e4lt beim Erstkontakt in unserer Praxis eine Datenschutzerkl\u00e4rung, mit der Sie uns schriftlich die Datenerhebung, -verarbeitung und\u2013weitergabe an z.B. weiterbehandelnde \u00c4rzte oder die Krankenkassen erlauben k\u00f6nnen. Bitte beachten Sie, dass unter Umst\u00e4nden auch eine gesetzliche Pflicht zur Weitergabe der Daten bestehen kann.<\/p>\n<p><strong>Was geschieht mit Ihren Daten:<\/strong><\/p>\n<p>Wir ben\u00f6tigen Ihre Daten, um Sie f\u00fcr die Kostentr\u00e4ger nachpr\u00fcfbar behandeln zu k\u00f6nnen (Zweck). Alle Verordnungen sind patientengebunden und ben\u00f6tigen Name, Anschrift, Kostentr\u00e4ger und Versicherungsnummer. Haben wir diese Daten nicht, k\u00f6nnen wir Sie nicht behandeln. Die Datenerhebung ist daher f\u00fcr Ihre Behandlung erforderlich.<\/p>\n<p>Die folgenden Daten werden auf unserem Server passwortgesch\u00fctzt gespeichert:<\/p>\n<ul>\n<li>Akut- (f\u00fcr das aktuelle Quartal) und Dauerdiagnosen (quartals\u00fcbergreifend).<\/li>\n<li>Befunde, Anamnesen, Therapievorschl\u00e4ge, Abrechnungsziffern f\u00fcr das jeweilige Quartal.<\/li>\n<li>Alle erstellten Formulare sowie alle Verordnungen m\u00fcssen \u00fcberpr\u00fcfbar dauerhaft archiviert werden.<\/li>\n<\/ul>\n<p>Zugang hat nur autorisiertes Praxispersonal.<\/p>\n<p><strong>Datenaufbewahrung:<\/strong><\/p>\n<p>Ihre Daten (Befunde, Arztbriefe etc.) werden bis zum Ablauf der gesetzlichen Aufbewahrungspflicht gespeichert und danach gel\u00f6scht. Wir sind verpflichtet, Ihre Daten mindestens 10 Jahre nach Abschluss der Behandlung aufzubewahren. In besonderen F\u00e4llen k\u00f6nnen sich auch l\u00e4ngere Aufbewahrungsfristen ergeben.<br \/>\nIm \u00dcbrigen bewahren wir Ihre personenbezogenen Daten nur solange auf, wie dies f\u00fcr die Durchf\u00fchrung der Behandlung erforderlich ist.<br \/>\nEine \u00dcbersicht der Aufbewahrungsfristen finden Sie <a href=\"http:\/\/www.gesetze-im-internet.de\/bgb\/__630f.html\">hier<\/a>.<\/p>\n<p><strong>Wer bekommt Ihre Daten \u00fcbermittelt:<\/strong><\/p>\n<p>Wir unterliegen der therapeutischen Schweigepflicht und \u00fcbermitteln im geeigneten Ma\u00dfe Ihre personenbezogenen Daten nur dann an Dritte, wenn dies gesetzlich erlaubt ist oder Sie eingewilligt haben.<\/p>\n<ul>\n<li>Auf Verlangen der Medizinischen Dienste der Krankenkassen zur Pr\u00fcfung der Behandlung.<\/li>\n<li>Ihre Krankenkasse oder die Berufsgenossenschaft erh\u00e4lt die f\u00fcr die Abrechnung relevanten Daten.<\/li>\n<li>Bei bestimmten Infektionserkrankungen ist eine Meldung an das Gesundheitsamt gesetzlich vorgeschrieben.<\/li>\n<li>Zur Wahrnehmung berechtigter Interessen der Praxis kann die Inanspruchnahme anwaltlicher oder gerichtlicher Hilfe erforderlich sein.<\/li>\n<li>Andere \u00c4rzte, Versicherungen, Rentenversicherung, Versorgungsamt, private Abrechnungsstellen und andere Institutionen erhalten nur mit separater Einwilligung durch Sie die f\u00fcr den jeweiligen Fall notwendigen Daten.<\/li>\n<\/ul>\n<p><strong>Externe Dienstleister und Beh\u00f6rden:<\/strong><\/p>\n<p>Eine Praxis kommt nicht ohne einige externe Dienstleister aus. Zu nennen sind insbesondere Dienstleister im EDV-Bereich und der Buchhaltung. Unsere EDV-Dienstleister m\u00fcssen gelegentlich Zugang zur EDV-Anlage bekommen, um Wartungsarbeiten oder Reparaturen vornehmen zu k\u00f6nnen. Hierbei kann es zur Einsicht in Patientendaten kommen. Ebenso k\u00f6nnte es bei Buchhalterischer T\u00e4tigkeit oder Pr\u00fcfungen durch das Finanzamt zur Dateneinsicht kommen. Alle Dienstleister unterliegen der Schweigepflicht, unterliegen selber der EU-DSGVO und sind \u00fcber Autragsdatenverarbeitungsvertr\u00e4ge an gesetzliche Vorgaben gebunden.<\/p>\n<ul>\n<li>Steuerberatungsgesellschaft: Alfred Horst und J\u00fcrgen Hufer, Gustav-Stresemann-Ring 6, 65189 Wiesbaden<\/li>\n<li>Finanzamt Wiesbaden II, Dostojewskistra\u00dfe 8, 65187 Wiesbaden<\/li>\n<\/ul>\n<p><strong>Betroffenenrechte \u2013 welche Rechte haben Sie als Patient?<\/strong><\/p>\n<p>Sie haben das Recht:<\/p>\n<ul>\n<li>gem\u00e4\u00df Art. 7 Abs. 3 DS-GVO Ihre einmal erteilte Einwilligung (z. B. bei Abrechnung durch von uns beauftragte Abrechnungsstellen) jederzeit gegen\u00fcber uns zu widerrufen. Dies hat zur Folge, dass wir die Datenverarbeitung, die auf dieser Einwilligung beruhte, f\u00fcr die Zukunft nicht mehr fortf\u00fchren d\u00fcrfen;<\/li>\n<li>gem\u00e4\u00df Art. 15 DS-GVO Auskunft \u00fcber Ihre von uns verarbeiteten personenbezogenen Daten zu verlangen. Insbesondere k\u00f6nnen Sie Auskunft \u00fcber die Verarbeitungszwecke, die Kategorie der personenbezogenen Daten, die Kategorien von Empf\u00e4ngern, gegen\u00fcber denen Ihre Daten offengelegt wurden oder werden, die geplante Speicherdauer, das Bestehen eines Rechts auf Berichtigung, L\u00f6schung, Einschr\u00e4nkung der Verarbeitung oder Widerspruch, das Bestehen eines Beschwerderechts, die Herkunft ihrer Daten, sofern diese nicht bei uns erhoben wurden, sowie \u00fcber das Bestehen einer automatisierten Entscheidungsfindung einschlie\u00dflich Profiling und ggf. aussagekr\u00e4ftigen Informationen zu deren Einzelheiten verlangen;<\/li>\n<li>gem\u00e4\u00df Art. 16 DS-GVO unverz\u00fcglich die Berichtigung unrichtiger oder Vervollst\u00e4ndigung Ihrer bei uns gespeicherten personenbezogenen Daten zu verlangen;<\/li>\n<li>gem\u00e4\u00df Art. 17 DS-GVO die L\u00f6schung Ihrer bei uns gespeicherten personenbezogenen Daten zu verlangen, soweit nicht die Verarbeitung zur Aus\u00fcbung des Rechts auf freie Meinungs\u00e4u\u00dferung und Information, zur Erf\u00fcllung einer rechtlichen Verpflichtung, aus Gr\u00fcnden des \u00f6ffentlichen Interesses erforderlich ist;<\/li>\n<li>gem\u00e4\u00df Art. 18 DS-GVO die Einschr\u00e4nkung der Verarbeitung Ihrer personenbezogenen Daten zu verlangen, soweit die Richtigkeit der Daten von Ihnen bestritten wird, die Verarbeitung unrechtm\u00e4\u00dfig ist, Sie aber deren L\u00f6schung ablehnen und wir die Daten nicht mehr ben\u00f6tigen, Sie jedoch diese zur Geltendmachung, Aus\u00fcbung oder Verteidigung von Rechtsanspr\u00fcchen ben\u00f6tigen oder Sie gem\u00e4\u00df Art. 21 DSGVO Widerspruch gegen die Verarbeitung eingelegt haben;<\/li>\n<li>gem\u00e4\u00df Art. 20 DS-GVO Ihre personenbezogenen Daten, die Sie uns bereitgestellt haben, in einem strukturierten, g\u00e4ngigen und maschinenlesebaren Format zu erhalten oder die \u00dcbermittlung an einen anderen Verantwortlichen zu verlangen;<\/li>\n<li>gem\u00e4\u00df Art. 21 DS-GVO Widerspruch gegen die Verarbeitung Ihrer personenbezogenen Daten einzulegen, soweit daf\u00fcr Gr\u00fcnde vorliegen, die sich aus Ihrer besonderen Situation ergeben und<\/li>\n<li>gem\u00e4\u00df Art. 77 DS-GVO sich bei einer Aufsichtsbeh\u00f6rde zu beschweren. In der Regel k\u00f6nnen Sie sich hierf\u00fcr an die Aufsichtsbeh\u00f6rde Ihres \u00fcblichen Aufenthaltsortes oder Arbeitsplatzes oder unseres Verbandssitzes wenden.<\/li>\n<\/ul>\n<p><strong>Zust\u00e4ndige Datenschutzbeh\u00f6rde:<\/strong><\/p>\n<p>Die f\u00fcr uns <a href=\"https:\/\/www.bfdi.bund.de\/DE\/Infothek\/Anschriften_Links\/anschriften_links-node.html\">zust\u00e4ndige Datenschutzbeh\u00f6rde<\/a> ist: Der Hessische Datenschutzbeauftragte, Gustav-Stresemann-Ring 1, 65189 Wiesbaden, Telefon: 06 11\/140 80<\/p>\n<p><strong>Weitere Informationen<\/strong><\/p>\n<p><a href=\"https:\/\/physiotherapie-schwalb.de\/?page_id=159\">Datenschutzerkl\u00e4rung Website<\/a><\/p>\n<p>Bei weiteren Fragen stehen wir Ihnen gerne zur Verf\u00fcgung.<\/p>\n<p>Ihr Praxisteam<\/p>\n","protected":false},"excerpt":{"rendered":"<p>Informationen zum Datenschutz sowie zur Datenverarbeitung in unserer Praxis &nbsp; Liebe Patienten, seit dem 25. Mai 2018 gelten mit der Europ\u00e4ischen Datenschutz-Grundverordnung (EU-DSGVO) und dem neuen Bundesdatenschutzgesetzes neue Bestimmungen. Um der Informationspflichten nach Art. 13 und Art. 14 EU-DSGVO nachzukommen und Sie \u00fcber die Datenverarbeitung in unserer Praxis informieren, stellen wir Ihnen folgende Information zur &hellip; <a href=\"https:\/\/physiotherapie-schwalb.de\/?page_id=178\" class=\"more-link\"><span class=\"screen-reader-text\">Informationen zum Datenschutz<\/span> weiterlesen <span class=\"meta-nav\">&rarr;<\/span><\/a><\/p>\n","protected":false},"author":1,"featured_media":0,"parent":0,"menu_order":0,"comment_status":"closed","ping_status":"closed","template":"","meta":{"ngg_post_thumbnail":0,"footnotes":""},"yoast_head":"<!-- This site is optimized with the Yoast SEO plugin v19.0 - https:\/\/yoast.com\/wordpress\/plugins\/seo\/ -->\n<title>Informationen zum Datenschutz - Physiotherapie Erika Schwalb<\/title>\n<meta name=\"robots\" content=\"index, follow, max-snippet:-1, max-image-preview:large, max-video-preview:-1\" \/>\n<link rel=\"canonical\" href=\"https:\/\/physiotherapie-schwalb.de\/?page_id=178\" \/>\n<meta property=\"og:locale\" content=\"de_DE\" \/>\n<meta property=\"og:type\" content=\"article\" \/>\n<meta property=\"og:title\" content=\"Informationen zum Datenschutz - Physiotherapie Erika Schwalb\" \/>\n<meta property=\"og:description\" content=\"Informationen zum Datenschutz sowie zur Datenverarbeitung in unserer Praxis &nbsp; Liebe Patienten, seit dem 25. Mai 2018 gelten mit der Europ\u00e4ischen Datenschutz-Grundverordnung (EU-DSGVO) und dem neuen Bundesdatenschutzgesetzes neue Bestimmungen. Um der Informationspflichten nach Art. 13 und Art. 14 EU-DSGVO nachzukommen und Sie \u00fcber die Datenverarbeitung in unserer Praxis informieren, stellen wir Ihnen folgende Information zur &hellip; Informationen zum Datenschutz weiterlesen &rarr;\" \/>\n<meta property=\"og:url\" content=\"https:\/\/physiotherapie-schwalb.de\/?page_id=178\" \/>\n<meta property=\"og:site_name\" content=\"Physiotherapie Erika Schwalb\" \/>\n<meta name=\"twitter:label1\" content=\"Gesch\u00e4tzte Lesezeit\" \/>\n\t<meta name=\"twitter:data1\" content=\"6 Minuten\" \/>\n<script type=\"application\/ld+json\" class=\"yoast-schema-graph\">{\"@context\":\"https:\/\/schema.org\",\"@graph\":[{\"@type\":\"WebSite\",\"@id\":\"https:\/\/physiotherapie-schwalb.de\/#website\",\"url\":\"https:\/\/physiotherapie-schwalb.de\/\",\"name\":\"Physiotherapie Erika Schwalb\",\"description\":\"\",\"potentialAction\":[{\"@type\":\"SearchAction\",\"target\":{\"@type\":\"EntryPoint\",\"urlTemplate\":\"https:\/\/physiotherapie-schwalb.de\/?s={search_term_string}\"},\"query-input\":\"required name=search_term_string\"}],\"inLanguage\":\"de-DE\"},{\"@type\":\"WebPage\",\"@id\":\"https:\/\/physiotherapie-schwalb.de\/?page_id=178#webpage\",\"url\":\"https:\/\/physiotherapie-schwalb.de\/?page_id=178\",\"name\":\"Informationen zum Datenschutz - Physiotherapie Erika Schwalb\",\"isPartOf\":{\"@id\":\"https:\/\/physiotherapie-schwalb.de\/#website\"},\"datePublished\":\"2018-09-23T12:03:25+00:00\",\"dateModified\":\"2018-09-23T12:03:25+00:00\",\"breadcrumb\":{\"@id\":\"https:\/\/physiotherapie-schwalb.de\/?page_id=178#breadcrumb\"},\"inLanguage\":\"de-DE\",\"potentialAction\":[{\"@type\":\"ReadAction\",\"target\":[\"https:\/\/physiotherapie-schwalb.de\/?page_id=178\"]}]},{\"@type\":\"BreadcrumbList\",\"@id\":\"https:\/\/physiotherapie-schwalb.de\/?page_id=178#breadcrumb\",\"itemListElement\":[{\"@type\":\"ListItem\",\"position\":1,\"name\":\"Home\",\"item\":\"https:\/\/physiotherapie-schwalb.de\/\"},{\"@type\":\"ListItem\",\"position\":2,\"name\":\"Informationen zum Datenschutz\"}]}]}<\/script>\n<!-- \/ Yoast SEO plugin. -->","yoast_head_json":{"title":"Informationen zum Datenschutz - Physiotherapie Erika Schwalb","robots":{"index":"index","follow":"follow","max-snippet":"max-snippet:-1","max-image-preview":"max-image-preview:large","max-video-preview":"max-video-preview:-1"},"canonical":"https:\/\/physiotherapie-schwalb.de\/?page_id=178","og_locale":"de_DE","og_type":"article","og_title":"Informationen zum Datenschutz - Physiotherapie Erika Schwalb","og_description":"Informationen zum Datenschutz sowie zur Datenverarbeitung in unserer Praxis &nbsp; Liebe Patienten, seit dem 25. Mai 2018 gelten mit der Europ\u00e4ischen Datenschutz-Grundverordnung (EU-DSGVO) und dem neuen Bundesdatenschutzgesetzes neue Bestimmungen. Um der Informationspflichten nach Art. 13 und Art. 14 EU-DSGVO nachzukommen und Sie \u00fcber die Datenverarbeitung in unserer Praxis informieren, stellen wir Ihnen folgende Information zur &hellip; Informationen zum Datenschutz weiterlesen &rarr;","og_url":"https:\/\/physiotherapie-schwalb.de\/?page_id=178","og_site_name":"Physiotherapie Erika Schwalb","twitter_misc":{"Gesch\u00e4tzte Lesezeit":"6 Minuten"},"schema":{"@context":"https:\/\/schema.org","@graph":[{"@type":"WebSite","@id":"https:\/\/physiotherapie-schwalb.de\/#website","url":"https:\/\/physiotherapie-schwalb.de\/","name":"Physiotherapie Erika Schwalb","description":"","potentialAction":[{"@type":"SearchAction","target":{"@type":"EntryPoint","urlTemplate":"https:\/\/physiotherapie-schwalb.de\/?s={search_term_string}"},"query-input":"required name=search_term_string"}],"inLanguage":"de-DE"},{"@type":"WebPage","@id":"https:\/\/physiotherapie-schwalb.de\/?page_id=178#webpage","url":"https:\/\/physiotherapie-schwalb.de\/?page_id=178","name":"Informationen zum Datenschutz - Physiotherapie Erika Schwalb","isPartOf":{"@id":"https:\/\/physiotherapie-schwalb.de\/#website"},"datePublished":"2018-09-23T12:03:25+00:00","dateModified":"2018-09-23T12:03:25+00:00","breadcrumb":{"@id":"https:\/\/physiotherapie-schwalb.de\/?page_id=178#breadcrumb"},"inLanguage":"de-DE","potentialAction":[{"@type":"ReadAction","target":["https:\/\/physiotherapie-schwalb.de\/?page_id=178"]}]},{"@type":"BreadcrumbList","@id":"https:\/\/physiotherapie-schwalb.de\/?page_id=178#breadcrumb","itemListElement":[{"@type":"ListItem","position":1,"name":"Home","item":"https:\/\/physiotherapie-schwalb.de\/"},{"@type":"ListItem","position":2,"name":"Informationen zum Datenschutz"}]}]}},"_links":{"self":[{"href":"https:\/\/physiotherapie-schwalb.de\/index.php?rest_route=\/wp\/v2\/pages\/178"}],"collection":[{"href":"https:\/\/physiotherapie-schwalb.de\/index.php?rest_route=\/wp\/v2\/pages"}],"about":[{"href":"https:\/\/physiotherapie-schwalb.de\/index.php?rest_route=\/wp\/v2\/types\/page"}],"author":[{"embeddable":true,"href":"https:\/\/physiotherapie-schwalb.de\/index.php?rest_route=\/wp\/v2\/users\/1"}],"replies":[{"embeddable":true,"href":"https:\/\/physiotherapie-schwalb.de\/index.php?rest_route=%2Fwp%2Fv2%2Fcomments&post=178"}],"version-history":[{"count":2,"href":"https:\/\/physiotherapie-schwalb.de\/index.php?rest_route=\/wp\/v2\/pages\/178\/revisions"}],"predecessor-version":[{"id":180,"href":"https:\/\/physiotherapie-schwalb.de\/index.php?rest_route=\/wp\/v2\/pages\/178\/revisions\/180"}],"wp:attachment":[{"href":"https:\/\/physiotherapie-schwalb.de\/index.php?rest_route=%2Fwp%2Fv2%2Fmedia&parent=178"}],"curies":[{"name":"wp","href":"https:\/\/api.w.org\/{rel}","templated":true}]}}