{"id":159,"date":"2018-09-23T07:14:48","date_gmt":"2018-09-23T07:14:48","guid":{"rendered":"http:\/\/physiotherapie-schwalb.de\/?page_id=159"},"modified":"2018-09-23T07:29:19","modified_gmt":"2018-09-23T07:29:19","slug":"datenschutzerklaerung-website","status":"publish","type":"page","link":"https:\/\/physiotherapie-schwalb.de\/?page_id=159","title":{"rendered":"Datenschutzerkl\u00e4rung Website"},"content":{"rendered":"<p><a name=\"oben\"><\/a><\/p>\n<h5>Allgemeine Hinweise<\/h5>\n<p>Diese Datenschutzerkl\u00e4rung soll Sie als Nutzer unserer Website \u00fcber die Art, den Umfang und den Zweck der Erhebung und Verwendung personenbezogener Daten informieren.Wir nehmen Ihren Datenschutz sehr ernst. Erhobene personenbezogenen Daten behandeln wir vertraulich und entsprechend der gesetzlichen Vorschriften. Da durch neue Technologien und die st\u00e4ndige Weiterentwicklung dieser Webseite \u00c4nderungen an dieser Datenschutzerkl\u00e4rung vorgenommen werden k\u00f6nnen, empfehlen wir Ihnen, sich die Datenschutzerkl\u00e4rung in regelm\u00e4\u00dfigen Abst\u00e4nden wieder durchzulesen.<\/p>\n<p>Personenbezogene Daten sind alle Daten, mit denen Sie pers\u00f6nlich identifiziert werden k\u00f6nnen. Die genauen Definitionen der verwendeten Begriffe (z.B. \u201cpersonenbezogene Daten\u201d oder \u201cVerarbeitung\u201d) finden Sie in Art. 4 DSGVO.<\/p>\n<h5>Verantwortliche Stelle<\/h5>\n<p>Die Verantwortliche Stelle im Sinne der Datenschutzgesetze ist die Praxis Erika Schwalb, Rheinstr. 59, 65185 Wiesbaden, Tel.:0176-50 48 22 12, mail(at)physiotherapie-schwalb.de<br \/>\nWeitere Informationen erhalten Sie im <a href=\"https:\/\/physiotherapie-schwalb.de\/?page_id=67\">Impressum<\/a>.<\/p>\n<p><a href=\"#oben\">oben<\/a><\/p>\n<h5>Datenerhebung und Datenverarbeitung<\/h5>\n<p>Die Datenverarbeitung auf dieser Website erfolgt durch den Websitebetreiber. Die Kontaktdaten entnehmen Sie bitte dem <a href=\"https:\/\/physiotherapie-schwalb.de\/?page_id=67\">Impressum<\/a>.<\/p>\n<p>Ihre Daten werden wie folgt erhoben:<br \/>\n&#8211; zum einen dadurch, dass Sie uns diese direkt mitteilen (z.B. <a href=\"#Kontaktformular\">Kontaktformular<\/a>)<br \/>\n&#8211; zum anderen werden Daten auch automatisch beim Besuch der Website durch unsere IT-Systeme erfasst (vor allem technische Daten wie z.B. Internetbrowser, Betriebssystem oder Uhrzeit des Seitenaufrufs (<a href=\"#Server-Logfiles\">Server-Logfiles<\/a>).<\/p>\n<p><a href=\"#oben\">oben<\/a><\/p>\n<h5>Server-Logfiles<\/h5>\n<p>Jeder Zugriff auf diese Webseiten und jeder Abruf von Dateien wird protokolliert (s. Art. 6 Abs. 1 lit. f. DSGVO).<\/p>\n<p>Es werden Ihre IP-Adresse, Ihre Browserkennung und Domain, der Name der abgerufenen Datei, Datum und Uhrzeit des Abrufs, die \u00fcbertragenen Datenmenge, das verwendete Betriebssystem,Referrer URL, Hostname des zugreifenden Rechners sowie der erfolgreiche Abruf in einer Protokoll-Datei (log file) festgehalten. Alle Daten in den Protokoll-Dateien sind ohne direkten Personenbezug. Sie dienen ausschlie\u00dflich internen Zwecken und werden keinesfalls an Dritte weitergegeben.<\/p>\n<p>Zu den internen Zwecken der Datenerhebung z\u00e4hlt die technische Administration der Webseiten, um eine fehlerfreie Bereitstellung der Website zu gew\u00e4hrleisten, anonyme statistische Erhebungen, die eine Auswertung der Zugriffe auf das Online-Angebot erm\u00f6glichen und zur Optimierung der Internetpr\u00e4senz herangezogen werden.<\/p>\n<p>Server-Logfiles werden f\u00fcr maximal 7 Tage gespeichert und anschlie\u00dfend gel\u00f6scht. Eine Zusammenf\u00fchrung dieser Daten mit anderen Datenquellen wird nicht vorgenommen.Die Speicherung der Daten erfolgt aus Sicherheitsgr\u00fcnden, um z. B. Missbrauchsf\u00e4lle aufkl\u00e4ren zu k\u00f6nnen. M\u00fcssen Daten aus Beweisgr\u00fcnden aufgehoben werden, sind sie solange von der L\u00f6schung ausgenommen bis der Vorfall endg\u00fcltig gekl\u00e4rt ist.<br \/>\nGrundlage f\u00fcr die Datenverarbeitung ist Art. 6 Abs. 1 lit. f DSGVO, der die Verarbeitung von Daten zur Erf\u00fcllung eines Vertrags oder vorvertraglicher Ma\u00dfnahmen gestattet.<\/p>\n<p><a href=\"#oben\">oben<\/a><\/p>\n<h5>Personenbezogene Daten werden nur mit Ihrer ausdr\u00fccklichen Einwilligung erhoben.<\/h5>\n<p>Zu den personenbezogenen Daten z\u00e4hlen z.B. Name, Adresse, E-Mailadresse, Telefonnummer und Geburtsdatum.<br \/>\nUnsere Website k\u00f6nnen Sie auch besuchen, ohne Angaben zu Ihrer Person zu machen.<br \/>\nBei bestimmten Online-Diensten sind die genannten Daten zur Nutzung der Dienste erforderlich.<\/p>\n<p><a href=\"#oben\">oben<\/a><\/p>\n<h5><a name=\"Kontaktformular\"><\/a>Kontaktformular<\/h5>\n<p>Nehmen Sie mit uns als Websitebetreiber durch die angebotenen Kontaktm\u00f6glichkeiten Verbindung auf, werden Ihre Angaben aus dem Kontaktformular auf dem Server des Hostinganbieters gespeichert und sodann via E-Mail an das hierf\u00fcr vorgesehene Empfangspostfach weitergeleitet. Die Weiterleitung erfolgt hierbei ausschlie\u00dflich serverintern, so dass eine Gef\u00e4hrdung der Vertraulichkeit der Daten effektiv ausgeschlossen ist. Ihre Daten werden bei uns gespeichert, damit auf diese zur Bearbeitung und Beantwortung Ihrer Anfrage zur\u00fcckgegriffen werden kann. Die Daten werden ausschlie\u00dflich zweckbezogen erhoben, genutzt und verarbeitet und keinesfalls an Dritte weitergegeben. Ihre personenbezogenen Daten werden nach ihrer jeweiligen zweckbestimmten Verwendung automatisch gel\u00f6scht. Zwingende gesetzliche Bestimmungen \u2013 insbesondere Aufbewahrungsfristen \u2013 bleiben unber\u00fchrt.<\/p>\n<p>Die Verarbeitung der in das Kontaktformular eingegebenen Daten erfolgt somit ausschlie\u00dflich auf Grundlage Ihrer Einwilligung (Art. 6 Abs. 1 lit. a DSGVO). Diese Einwilligung k\u00f6nnen Sie jederzeit widerrufen. Dazu reicht eine formlose Mitteilung per E-Mail. Die Rechtm\u00e4\u00dfigkeit der bis zum Widerruf erfolgten Datenverarbeitungsvorg\u00e4nge bleibt vom Widerruf unber\u00fchrt.<\/p>\n<p><a href=\"#oben\">oben<\/a><\/p>\n<h5>E-Mail-Kontakt<\/h5>\n<p>Auf unserer Website ist eine Kontaktaufnahme \u00fcber die bereitgestellte E-Mail-Adresse m\u00f6glich. Hierbei findet eine Speicherung der \u00fcbermittelten personenbezogenen Daten, insbesondere der E-Mail-Adresse selbst, statt. Eine Weitergabe dieser Daten an Dritte erfolgt nicht. Ihre Daten werden ausschlie\u00dflich f\u00fcr die Verarbeitung der Anfrage verwendet. Rechtsgrundlage f\u00fcr die Verarbeitung der Daten ist Art. 6 Absatz 1 Satz 1 f DSGVO. Das berechtigte Interesse an der Verarbeitung der Daten liegt in der Durchf\u00fchrung des Kontaktes. Eine L\u00f6schung der Daten erfolgt nach Wegfall des Zweckes oder Beendigung der Kommunikation. Im Rahmen eines Angebotsprozesses, werden die verarbeiteten Daten nach Ablauf der hierf\u00fcr vorgesehenen Aufbewahrungsfristen gel\u00f6scht.<\/p>\n<p><a href=\"#oben\">oben<\/a><\/p>\n<h5>Eingebettete Inhalte von anderen Websites<\/h5>\n<p>Beitr\u00e4ge auf dieser Website k\u00f6nnen eingebettete Inhalte beinhalten (z. B. Videos, Bilder, Beitr\u00e4ge etc.). Eingebettete Inhalte von anderen Websites verhalten sich exakt so, als ob der Besucher die andere Website besucht h\u00e4tte.<\/p>\n<p>Diese Websites k\u00f6nnen Daten \u00fcber Sie sammeln, Cookies benutzen, zus\u00e4tzliche Tracking-Dienste von Dritten einbetten und Ihre Interaktion mit diesem eingebetteten Inhalt aufzeichnen, inklusive Ihrer Interaktion mit dem eingebetteten Inhalt, falls Sie ein Konto haben und auf dieser Website angemeldet sind.<\/p>\n<p><a href=\"#oben\">oben<\/a><\/p>\n<h5>Auskunft, Sperrung, L\u00f6schung, Datenportabilit\u00e4t<\/h5>\n<p>Sie haben jederzeit das Recht auf unentgeltliche Auskunft \u00fcber Ihre gespeicherten personenbezogenen Daten, deren Herkunft und Empf\u00e4nger und den Zweck der Datenverarbeitung sowie ein Recht auf Berichtigung, Sperrung, L\u00f6schung und \u00dcbertragung dieser Daten.<br \/>\nSofern Ihr Wunsch nicht mit einer gesetzlichen Aufbewahrungspflicht von Daten kollidiert, haben Sie ein Anrecht auf L\u00f6schung Ihrer bei uns gespeicherten Daten. Falls eine L\u00f6schung nicht durchgef\u00fchrt werden kann, da die Daten f\u00fcr zul\u00e4ssige gesetzliche Zwecke erforderlich sind, erfolgt eine Einschr\u00e4nkung der Datenverarbeitung, bei der die Daten gesperrt und nicht f\u00fcr andere Zwecke verarbeitet werden.<\/p>\n<p>Ferner k\u00f6nnen Sie Ihr Recht geltend machen, die Daten, die wir auf Grundlage Ihrer Einwilligung oder in Erf\u00fcllung eines Vertrags automatisiert verarbeiten, an sich oder an einen Dritten in einem g\u00e4ngigen, maschinenlesbaren Format aush\u00e4ndigen zu lassen. Eine direkte \u00dcbertragung der Daten an Sie oder einen anderen Verantwortlichen kann nur erfolgen, wenn dies technisch machbar ist.<\/p>\n<p>Hierzu sowie zu weiteren Fragen zum Thema personenbezogene Daten k\u00f6nnen Sie sich jederzeit \u00fcber die im <a href=\"https:\/\/physiotherapie-schwalb.de\/?page_id=67\">Impressum<\/a> angegeben Adresse des Webseitenbetreibers an uns wenden.<\/p>\n<p><a href=\"#oben\">oben<\/a><\/p>\n<h5>Widerspruchsrecht<\/h5>\n<p>Nutzer unserer Webseite k\u00f6nnen von ihrem Widerspruchsrecht Gebrauch machen und der Verarbeitung ihrer personenbezogenen Daten zu jeder Zeit widersprechen.<\/p>\n<p>Wenn Sie eine Berichtigung, Sperrung, L\u00f6schung oder Auskunft \u00fcber die zu Ihrer Person gespeicherten personenbezogenen Daten w\u00fcnschen oder Fragen bez\u00fcblich der Erhebung, Verarbeitung oder Verwendung Ihrer personenbezogenen Daten haben oder erteilte Einwilligungen widerrufen m\u00f6chten, wenden Sie sich bitte an folgende E-Mail-Adresse: mail(at)physiotherapie-schwalb.de<\/p>\n<p><a href=\"#oben\">oben<\/a><\/p>\n<h5>Dauer der Datenspeicherung<\/h5>\n<p>Ihre Daten zu Herstellung des Kontakts werden von uns so lange gespeichert, wie der Kontakt zwischen Ihnen und unserer Webseite besteht. Falls ein Vertragsverh\u00e4ltnis entsteht, werden die daf\u00fcr notwendigen Daten weiter gespeichert. Ansonsten werden Ihre Daten nach Wegfall des Zweckes, gel\u00f6scht. Rechtsgrundlage f\u00fcr die Speicherung Ihrer Daten zur Kontaktaufnahme ist Art. 6 Abs. 1 S.1 f) DSGVO, da auf unserer Seite eine berechtigtes Interesse besteht, Sie pers\u00f6nlich und individuell kontaktieren zu k\u00f6nnen. Sollte in Folge ein Vertrag zustande kommen, ist Art. 6 Abs. 1 S.1 b) DSGVO Rechtsgrundlage f\u00fcr die weitere Speicherung Ihrer Daten zur Vertragsdruchf\u00fchrung.<\/p>\n<p><a href=\"#oben\">oben<\/a><\/p>\n<h5>Beschwerderecht bei der zust\u00e4ndigen Aufsichtsbeh\u00f6rde<\/h5>\n<p>Sollten Sie annehmen, dass Ihre Daten unrechtm\u00e4\u00dfig verarbeitet wurden oder bei datenschutzrechtlichen Verst\u00f6\u00dfen steht dem Betroffenen ein Beschwerderecht bei der zust\u00e4ndigen Aufsichtsbeh\u00f6rde zu.<br \/>\nDie zust\u00e4ndige Aufsichtsbeh\u00f6rde in datenschutzrechtlichen Fragen ist der Landesdatenschutzbeauftragte des Bundeslandes, in dem unser Unternehmen seinen Sitz hat.<br \/>\nEine Liste der Datenschutzbeauftragten sowie deren Kontaktdaten k\u00f6nnen folgendem Link entnommen werden: <a href=\"https:\/\/www.bfdi.bund.de\/DE\/Infothek\/Anschriften_Links\/anschriften_links-node.html\">Liste Datenschutzbeauftragte<\/a><\/p>\n<p><a href=\"#oben\">oben<\/a><\/p>\n<h5>Einsatz von Cookies<\/h5>\n<p>Diese Webseite verwendet Cookie. Cookies sind kleine Textdateien, die im Browser auf Ihrem Endger\u00e4t gespeichert werden.<\/p>\n<p>Zumeist werden so genannte \u201cSession-Cookies\u201d verwandt, welche sich nach Ende Ihres Besuchs automatisch gel\u00f6schen.<br \/>\nAndere Cookies bleiben auf Ihrem Endger\u00e4t gespeichert bis Sie diese l\u00f6schen. Dadurch wird ein Wiederkennen bei einem nachfolgenden Besuch erm\u00f6glicht. Benutzerfreundlichkeit und Sicherheit der Webseite erh\u00f6hen sich.<\/p>\n<p>Zu Beginn des Besuchs dieser Website werden Sie gefragt, ob Sie der Verwendung von Cookies zustimmen. Sie k\u00f6nnen Ihren Browser so einstellen, dass Sie \u00fcber das Setzen von Cookies informiert werden und Cookies nur im Einzelfall erlauben, die Annahme von Cookies f\u00fcr bestimmte F\u00e4lle oder generell ausschlie\u00dfen sowie das automatische L\u00f6schen der Cookies beim Schlie\u00dfen des Browsers aktivieren.<\/p>\n<p>Sollten Sie der Verwendung von Cookies nicht zustimmen oder diese in Ihrem Browser deaktiviert haben, kann die Funktionalit\u00e4t der Website jedoch eingeschr\u00e4nkt sein.<\/p>\n<p>Cookies, die zur Durchf\u00fchrung des elektronischen Kommunikationsvorgangs oder zur Bereitstellung bestimmter, von Ihnen erw\u00fcnschter Funktionen erforderlich sind, werden auf Grundlage von Art. 6 Abs. 1 lit. f DSGVO gespeichert. Der Websitebetreiber hat ein berechtigtes Interesse an der Speicherung von Cookies zur technisch fehlerfreien und optimierten Bereitstellung seiner Dienste. Soweit andere Cookies gespeichert werden (z.B. Cookies zur Analyse Ihres Surfverhaltens), werden diese in der Datenschutzerkl\u00e4rung gesondert behandelt.<\/p>\n<p><a href=\"#oben\">oben<\/a><\/p>\n<h5>SSL-Verschl\u00fcsselung<\/h5>\n<p>Diese Seite nutzt zum Schutz der \u00dcbertragung vertraulicher Inhalte, wie zum Beispiel Bestellungen oder Anfragen, eine SSL-Verschl\u00fcsselung.<br \/>\nDie bestehende verschl\u00fcsselte Verbindung erkennen Sie an dem Schloss-Symbol in Ihrer Browserzeile. Ferner wechselt die Adresszeile des Browsers von \u201chttp:\/\/\u201d auf \u201chttps:\/\/\u201d.<\/p>\n<p><a href=\"#oben\">oben<\/a><\/p>\n<h5>Datenempf\u00e4nger<\/h5>\n<p>Damit wir Ihnen alle Funktionen auf unserer Webseite anbieten k\u00f6nnen, arbeiten wir auch mit ausgew\u00e4hlten Dienstleister zusammen, die in unserem Namen und Auftrag Daten verarbeiten. Die Daten werden von uns dabei nur im Rahmen einer gesetzlich zul\u00e4ssigen Auftragsverarbeitung an von uns sorgf\u00e4ltig ausgew\u00e4hlte und schriftlich beauftragte Dienstleister weitergegeben. Es werden nur Daten \u00fcbermittelt, die f\u00fcr die Erf\u00fcllung des Auftrages notwendig sind.<\/p>\n<p>Hierzu z\u00e4hlen folgende Kategorien von Auftragnehmern: Hoster von Servern, Webanalysedienstleister.<\/p>\n<p><a href=\"#oben\">oben<\/a><\/p>\n<h5><big>Social Plugins (aufgrund des aktuellen Datensammelverhaltens von Facebook, mit dem wir nicht einverstanden sind, wurden Social Plugins von uns entfernt)<br \/>\n<\/big><\/h5>\n<p><span style=\"color: #999999;\">Ausgangseinstellung: deaktiviert<\/span><\/p>\n<p><span style=\"color: #999999;\">Aus Gr\u00fcnden des Datenschutzes binden wir keine Social Plugins direkt in unseren Webauftritt ein. Wenn Sie unsere Seiten aufrufen, werden daher grunds\u00e4tzlich keine Daten an Social Media-Dienste, wie etwa Facebook, Twitter, XING oder Google+ \u00fcbermittelt. Eine Profilbildung durch Dritte ist somit ausgeschlossen.<\/span><\/p>\n<p><span style=\"color: #999999;\">Aktivierung m\u00f6glich, wenn Sie es w\u00fcnschen<\/span><\/p>\n<p><span style=\"color: #999999;\">Allerdings m\u00f6chten wir denjenigen Besuchern, die gerne Social Plugins nutzen w\u00fcrden, diese M\u00f6glichkeiten nicht verwehren. Wir bieten Ihnen daher an verschiedenen Stellen unserer Website die M\u00f6glichkeit, Social Plugins zu aktivieren. Hierzu verwenden wir Shariff der IT-Fachzeitschrift c\u2019t. Durch Shariff k\u00f6nnen Sie Social Media nutzen, ohne dass Ihre Privatsph\u00e4re verletzt wird. Das c\u2019t-Projekt ersetzt die \u00fcblichen Share-Buttons der Social Networks und sch\u00fctzt Ihr Surf-Verhalten vor neugierigen Blicken. Erst wenn Sie wirklich auf die Buttons klicken wird ein Kontakt mit den Servern von Facebook, Google+ und Twitter hergestellt, aber ohne dass dabei private Daten \u00fcbertragen werden. Weitere Informationen zu Shariff erfahren Sie auf der <a style=\"color: #999999;\" href=\"http:\/\/www.heise.de\/ct\/artikel\/Shariff-Social-Media-Buttons-mit-Datenschutz-2467514.html\" target=\"_blank\" rel=\"noopener\">Seite der Zeitschrift c\u2019t<\/a>.<\/span><\/p>\n<p><span style=\"color: #999999;\">Bitte beachten Sie, dass die Aktivierung von Social Plugins zur Folge hat, dass bestimmte Daten an den jeweiligen Anbieter des Social Media-Dienstes \u00fcbertragen werden k\u00f6nnen, bspw.:<\/span><\/p>\n<p><span style=\"color: #999999;\">\u2022 die Adresse der Website, auf der sich das Social Plugin befindet<\/span><br \/>\n<span style=\"color: #999999;\">\u2022 Datum und Uhrzeit des Aufrufs der Website bzw. der Aktivierung<\/span><br \/>\n<span style=\"color: #999999;\">\u2022 Informationen zu Browser und Betriebssystem<\/span><br \/>\n<span style=\"color: #999999;\">\u2022 Ihre aktuelle IP-Adresse<\/span><\/p>\n<p><span style=\"color: #999999;\">Wenn Sie im Zeitpunkt der Aktivierung des Social Plugins bereits bei dem entsprechenden Social Media-Dienst eingeloggt sind, ist der Anbieter des Social Media-Dienstes auch in der Lage, aus den o.g. Daten Ihren Benutzernamen und ggf. sogar Ihren echten Namen zu ermitteln. Diese Daten k\u00f6nnen durch den Anbieter des Social Media-Dienstes auch in L\u00e4ndern au\u00dferhalb der Europ\u00e4ischen Union verarbeitet werden. Wir haben keinen Einfluss auf den Umfang, die Art und den Zweck der Datenverarbeitung durch den Anbieter des Social Media-Dienstes. Bitte beachten Sie, dass der Anbieter des Social Media-Dienstes mit o.g. Daten durchaus in der Lage ist, pseudonymisierte und sogar individualisierte Nutzungsprofile zu erstellen. Sie k\u00f6nnen die aktivierten Social Media Plugins jederzeit wieder deaktivieren. Dies hat jedoch keinen Einfluss auf die Daten, die bereits an den Anbieter des Social Media-Dienstes \u00fcbertragen wurden.<\/span><\/p>\n<p><span style=\"color: #999999;\">Die Datenschutzhinweise von facebook geben hierzu n\u00e4here Informationen, insbesondere zur Erhebung und Nutzung der Daten durch facebook, zu Ihren diesbez\u00fcglichen Rechten sowie zu den Einstellungsm\u00f6glichkeiten zum Schutz Ihrer Privatsph\u00e4re: <a style=\"color: #999999;\" title=\"facebookprivacy\" href=\"https:\/\/de-de.facebook.com\/about\/privacy\/\" target=\"_blank\" rel=\"noopener\">https:\/\/de-de.facebook.com\/about\/privacy\/<\/a><\/span><br \/>\n<span style=\"color: #999999;\">Zudem sind am Markt externe Tools erh\u00e4ltlich, mit denen Facebook-Social-Plugins mit Add-ons f\u00fcr alle g\u00e4ngigen Browser blockiert werden k\u00f6nnen <a style=\"color: #999999;\" title=\"facebookblocker\" href=\"http:\/\/webgraph.com\/resources\/facebookblocker\/\" target=\"_blank\" rel=\"noopener\">http:\/\/webgraph.com\/resources\/facebookblocker\/<\/a><\/span><br \/>\n<span style=\"color: #999999;\">Eine \u00dcbersicht \u00fcber die Facebook-Plugins finden Sie unter <a style=\"color: #999999;\" title=\"facebookdeveloper\" href=\"https:\/\/developers.facebook.com\/docs\/plugins\/\" target=\"_blank\" rel=\"noopener\">https:\/\/developers.facebook.com\/docs\/plugins\/<\/a><\/span><\/p>\n<p><a href=\"#oben\">oben<\/a><\/p>\n<h5>Datensicherheit<\/h5>\n<p>Alle bei uns oder etwaigen Auftragsverarbeitern gespeicherten Daten werden unter Anwendung aktueller Sicherheitsstandards gegen unbefugten Zugriff, Verlust und Ver\u00e4nderung gesch\u00fctzt. Hierzu ergreifen wir umfangreiche technische und organisatorische Sicherheitsvorkehrungen mit einem Standard, der mindestens den gesetzlichen Vorgaben entspricht.<\/p>\n<h5>Sicherheitshinweis<\/h5>\n<p>Bitte beachten Sie, dass bei der Kommunikation mittels E-Mail die Datensicherheit im Internet nicht gew\u00e4hrleistet werden kann und wir bei vertraulichen Informationen den Postweg empfehlen. F\u00fcr die auf dieser Seite aufgef\u00fchrten Links zu externen Seiten \u00fcbernehmen wir keine Haftung.<\/p>\n<p><a href=\"#oben\">oben<\/a><\/p>\n","protected":false},"excerpt":{"rendered":"<p>Allgemeine Hinweise Diese Datenschutzerkl\u00e4rung soll Sie als Nutzer unserer Website \u00fcber die Art, den Umfang und den Zweck der Erhebung und Verwendung personenbezogener Daten informieren.Wir nehmen Ihren Datenschutz sehr ernst. Erhobene personenbezogenen Daten behandeln wir vertraulich und entsprechend der gesetzlichen Vorschriften. Da durch neue Technologien und die st\u00e4ndige Weiterentwicklung dieser Webseite \u00c4nderungen an dieser Datenschutzerkl\u00e4rung &hellip; <a href=\"https:\/\/physiotherapie-schwalb.de\/?page_id=159\" class=\"more-link\"><span class=\"screen-reader-text\">Datenschutzerkl\u00e4rung Website<\/span> weiterlesen <span class=\"meta-nav\">&rarr;<\/span><\/a><\/p>\n","protected":false},"author":1,"featured_media":0,"parent":0,"menu_order":0,"comment_status":"closed","ping_status":"closed","template":"","meta":{"ngg_post_thumbnail":0,"footnotes":""},"yoast_head":"<!-- This site is optimized with the Yoast SEO plugin v19.0 - https:\/\/yoast.com\/wordpress\/plugins\/seo\/ -->\n<title>Datenschutzerkl\u00e4rung Website - Physiotherapie Erika Schwalb<\/title>\n<meta name=\"robots\" content=\"index, follow, max-snippet:-1, max-image-preview:large, max-video-preview:-1\" \/>\n<link rel=\"canonical\" href=\"https:\/\/physiotherapie-schwalb.de\/?page_id=159\" \/>\n<meta property=\"og:locale\" content=\"de_DE\" \/>\n<meta property=\"og:type\" content=\"article\" \/>\n<meta property=\"og:title\" content=\"Datenschutzerkl\u00e4rung Website - Physiotherapie Erika Schwalb\" \/>\n<meta property=\"og:description\" content=\"Allgemeine Hinweise Diese Datenschutzerkl\u00e4rung soll Sie als Nutzer unserer Website \u00fcber die Art, den Umfang und den Zweck der Erhebung und Verwendung personenbezogener Daten informieren.Wir nehmen Ihren Datenschutz sehr ernst. Erhobene personenbezogenen Daten behandeln wir vertraulich und entsprechend der gesetzlichen Vorschriften. Da durch neue Technologien und die st\u00e4ndige Weiterentwicklung dieser Webseite \u00c4nderungen an dieser Datenschutzerkl\u00e4rung &hellip; Datenschutzerkl\u00e4rung Website weiterlesen &rarr;\" \/>\n<meta property=\"og:url\" content=\"https:\/\/physiotherapie-schwalb.de\/?page_id=159\" \/>\n<meta property=\"og:site_name\" content=\"Physiotherapie Erika Schwalb\" \/>\n<meta property=\"article:modified_time\" content=\"2018-09-23T07:29:19+00:00\" \/>\n<meta name=\"twitter:label1\" content=\"Gesch\u00e4tzte Lesezeit\" \/>\n\t<meta name=\"twitter:data1\" content=\"11 Minuten\" \/>\n<script type=\"application\/ld+json\" class=\"yoast-schema-graph\">{\"@context\":\"https:\/\/schema.org\",\"@graph\":[{\"@type\":\"WebSite\",\"@id\":\"https:\/\/physiotherapie-schwalb.de\/#website\",\"url\":\"https:\/\/physiotherapie-schwalb.de\/\",\"name\":\"Physiotherapie Erika Schwalb\",\"description\":\"\",\"potentialAction\":[{\"@type\":\"SearchAction\",\"target\":{\"@type\":\"EntryPoint\",\"urlTemplate\":\"https:\/\/physiotherapie-schwalb.de\/?s={search_term_string}\"},\"query-input\":\"required name=search_term_string\"}],\"inLanguage\":\"de-DE\"},{\"@type\":\"WebPage\",\"@id\":\"https:\/\/physiotherapie-schwalb.de\/?page_id=159#webpage\",\"url\":\"https:\/\/physiotherapie-schwalb.de\/?page_id=159\",\"name\":\"Datenschutzerkl\u00e4rung Website - Physiotherapie Erika Schwalb\",\"isPartOf\":{\"@id\":\"https:\/\/physiotherapie-schwalb.de\/#website\"},\"datePublished\":\"2018-09-23T07:14:48+00:00\",\"dateModified\":\"2018-09-23T07:29:19+00:00\",\"breadcrumb\":{\"@id\":\"https:\/\/physiotherapie-schwalb.de\/?page_id=159#breadcrumb\"},\"inLanguage\":\"de-DE\",\"potentialAction\":[{\"@type\":\"ReadAction\",\"target\":[\"https:\/\/physiotherapie-schwalb.de\/?page_id=159\"]}]},{\"@type\":\"BreadcrumbList\",\"@id\":\"https:\/\/physiotherapie-schwalb.de\/?page_id=159#breadcrumb\",\"itemListElement\":[{\"@type\":\"ListItem\",\"position\":1,\"name\":\"Home\",\"item\":\"https:\/\/physiotherapie-schwalb.de\/\"},{\"@type\":\"ListItem\",\"position\":2,\"name\":\"Datenschutzerkl\u00e4rung Website\"}]}]}<\/script>\n<!-- \/ Yoast SEO plugin. -->","yoast_head_json":{"title":"Datenschutzerkl\u00e4rung Website - Physiotherapie Erika Schwalb","robots":{"index":"index","follow":"follow","max-snippet":"max-snippet:-1","max-image-preview":"max-image-preview:large","max-video-preview":"max-video-preview:-1"},"canonical":"https:\/\/physiotherapie-schwalb.de\/?page_id=159","og_locale":"de_DE","og_type":"article","og_title":"Datenschutzerkl\u00e4rung Website - Physiotherapie Erika Schwalb","og_description":"Allgemeine Hinweise Diese Datenschutzerkl\u00e4rung soll Sie als Nutzer unserer Website \u00fcber die Art, den Umfang und den Zweck der Erhebung und Verwendung personenbezogener Daten informieren.Wir nehmen Ihren Datenschutz sehr ernst. Erhobene personenbezogenen Daten behandeln wir vertraulich und entsprechend der gesetzlichen Vorschriften. Da durch neue Technologien und die st\u00e4ndige Weiterentwicklung dieser Webseite \u00c4nderungen an dieser Datenschutzerkl\u00e4rung &hellip; Datenschutzerkl\u00e4rung Website weiterlesen &rarr;","og_url":"https:\/\/physiotherapie-schwalb.de\/?page_id=159","og_site_name":"Physiotherapie Erika Schwalb","article_modified_time":"2018-09-23T07:29:19+00:00","twitter_misc":{"Gesch\u00e4tzte Lesezeit":"11 Minuten"},"schema":{"@context":"https:\/\/schema.org","@graph":[{"@type":"WebSite","@id":"https:\/\/physiotherapie-schwalb.de\/#website","url":"https:\/\/physiotherapie-schwalb.de\/","name":"Physiotherapie Erika Schwalb","description":"","potentialAction":[{"@type":"SearchAction","target":{"@type":"EntryPoint","urlTemplate":"https:\/\/physiotherapie-schwalb.de\/?s={search_term_string}"},"query-input":"required name=search_term_string"}],"inLanguage":"de-DE"},{"@type":"WebPage","@id":"https:\/\/physiotherapie-schwalb.de\/?page_id=159#webpage","url":"https:\/\/physiotherapie-schwalb.de\/?page_id=159","name":"Datenschutzerkl\u00e4rung Website - Physiotherapie Erika Schwalb","isPartOf":{"@id":"https:\/\/physiotherapie-schwalb.de\/#website"},"datePublished":"2018-09-23T07:14:48+00:00","dateModified":"2018-09-23T07:29:19+00:00","breadcrumb":{"@id":"https:\/\/physiotherapie-schwalb.de\/?page_id=159#breadcrumb"},"inLanguage":"de-DE","potentialAction":[{"@type":"ReadAction","target":["https:\/\/physiotherapie-schwalb.de\/?page_id=159"]}]},{"@type":"BreadcrumbList","@id":"https:\/\/physiotherapie-schwalb.de\/?page_id=159#breadcrumb","itemListElement":[{"@type":"ListItem","position":1,"name":"Home","item":"https:\/\/physiotherapie-schwalb.de\/"},{"@type":"ListItem","position":2,"name":"Datenschutzerkl\u00e4rung Website"}]}]}},"_links":{"self":[{"href":"https:\/\/physiotherapie-schwalb.de\/index.php?rest_route=\/wp\/v2\/pages\/159"}],"collection":[{"href":"https:\/\/physiotherapie-schwalb.de\/index.php?rest_route=\/wp\/v2\/pages"}],"about":[{"href":"https:\/\/physiotherapie-schwalb.de\/index.php?rest_route=\/wp\/v2\/types\/page"}],"author":[{"embeddable":true,"href":"https:\/\/physiotherapie-schwalb.de\/index.php?rest_route=\/wp\/v2\/users\/1"}],"replies":[{"embeddable":true,"href":"https:\/\/physiotherapie-schwalb.de\/index.php?rest_route=%2Fwp%2Fv2%2Fcomments&post=159"}],"version-history":[{"count":3,"href":"https:\/\/physiotherapie-schwalb.de\/index.php?rest_route=\/wp\/v2\/pages\/159\/revisions"}],"predecessor-version":[{"id":164,"href":"https:\/\/physiotherapie-schwalb.de\/index.php?rest_route=\/wp\/v2\/pages\/159\/revisions\/164"}],"wp:attachment":[{"href":"https:\/\/physiotherapie-schwalb.de\/index.php?rest_route=%2Fwp%2Fv2%2Fmedia&parent=159"}],"curies":[{"name":"wp","href":"https:\/\/api.w.org\/{rel}","templated":true}]}}